{"id":19453,"date":"2022-02-01T11:31:16","date_gmt":"2022-02-01T10:31:16","guid":{"rendered":"https:\/\/www.tilomotion.com\/politica-de-privacidade\/"},"modified":"2022-02-28T09:39:09","modified_gmt":"2022-02-28T08:39:09","slug":"politica-de-privacidade","status":"publish","type":"page","link":"https:\/\/www.tilomotion.com\/pt\/politica-de-privacidade\/","title":{"rendered":"Politica de Privacidade"},"content":{"rendered":"<div class=\"wpb-content-wrapper\"><p>[vc_row][vc_column][vc_column_text]<\/p>\n<h3 class=\"titulo--parrafo\">POL\u00cdTICA DE PROTE\u00c7\u00c3O DE DADOS<\/h3>\n<p>O objetivo deste documento \u00e9 estabelecer a Pol\u00edtica de Privacidade deste site (doravante, o &#8220;Site&#8221;).<\/p>\n<p>&nbsp;<\/p>\n<p>Ao ter acesso e utilizar o Site, voc\u00ea estar\u00e1 expressamente consentindo com o processamento de seus dados no que diz respeito a esta pol\u00edtica, embora o fa\u00e7a de forma revog\u00e1vel e sem efeitos retroativos. O seu acesso a este Site est\u00e1, portanto, sujeito a esta pol\u00edtica, bem como a toda a legisla\u00e7\u00e3o aplic\u00e1vel referida nesta se\u00e7\u00e3o, bem como no Aviso Legal.<\/p>\n<p>Em geral, \u00e9 absolutamente proibido fornecer dados pessoais de crian\u00e7as menores de 16 anos sem o consentimento das pessoas que exercem o poder dos pais ou tutores legais.<\/p>\n<p>Por for\u00e7a do artigo 26\u00ba do RGPD &#8220;co-controladores&#8221;, informamos que TILO MOTION, SL (doravante TILO MOTION), definiu as respetivas fun\u00e7\u00f5es em cumprimento das obriga\u00e7\u00f5es impostas pelo RGPD:<\/p>\n<p>&nbsp;<\/p>\n<p><strong>RESPONS\u00c1VEL PELO TRATAMENTO<\/strong><\/p>\n<ul>\n<li>Tilo Motion S.L.<\/li>\n<li>Paseo de la Castellana 179, 2\u00ba A1<\/li>\n<li>28046 Madrid<\/li>\n<li>CIF \u2013 B85181626<\/li>\n<li>Volume 24.620 Livro 0 F\u00f3lio 74 Folha M-INSCRIPCION: 1<\/li>\n<li>Tel: +34 91 571 51 35<\/li>\n<li>E-mail: info@tilomotion.com<\/li>\n<\/ul>\n<p>&nbsp;<\/p>\n<h3 class=\"titulo--parrafo\">PARA QUE PROP\u00d3SITO TRATAMOS SEUS DADOS PESSOAIS?<\/h3>\n<p>Nosso site \u00e9 mantido e atualizado com a m\u00e1xima responsabilidade da TILO MOTION. Se seus dados nos forem fornecidos para receber informa\u00e7\u00f5es ou mensagens sobre novos produtos ou servi\u00e7os, usaremos esses dados apenas para a mesma finalidade.<\/p>\n<p>&nbsp;<\/p>\n<p>De acordo com o disposto na regulamenta\u00e7\u00e3o em vigor, Regulamento (UE) 2016\/679, do Parlamento Europeu e do Conselho, de 27 de abril de 2016, relativo \u00e0 prote\u00e7\u00e3o das pessoas singulares no que diz respeito ao tratamento de dados pessoais e a livre circula\u00e7\u00e3o desses dados (doravante, &#8220;RGPD&#8221;), a TILO MOTION informa que os dados pessoais que voc\u00ea nos fornece, bem como aqueles que voc\u00ea nos fornece durante a rela\u00e7\u00e3o comercial \/ contratual, ser\u00e3o processados \u200b\u200bpara efeitos de (i) realizar uma correta gest\u00e3o do relacionamento, bem como a gest\u00e3o administrativa, econ\u00f4mica e comercial, (ii) atender suas d\u00favidas e solicita\u00e7\u00f5es, (iii) realizar um controle de qualidade de nossos produtos e servi\u00e7os, (iv) enviar comunica\u00e7\u00f5es pessoais e brindes dirigidos aos nossos clientes, (v) realiza\u00e7\u00e3o de pesquisas de opini\u00e3o e para fins estat\u00edsticos, e para inform\u00e1-lo periodicamente de novidades, produtos e servi\u00e7os por meio escrito e eletr\u00f4nico, (vi) compliance Entidade reguladora da preven\u00e7\u00e3o ao branqueamento de capitais e financiamento do terrorismo.<\/p>\n<p>&nbsp;<\/p>\n<p>Para poder oferecer-lhe informa\u00e7\u00f5es adequadas aos seus interesses, a TILO MOTION pode desenvolver um perfil individualizado, baseado em procedimentos automatizados sobre o seu comportamento e prefer\u00eancias, cujo resultado \u00e9 o envio de informa\u00e7\u00f5es comerciais sobre produtos e servi\u00e7os relacionados com a ind\u00fastria do autom\u00f3vel.<\/p>\n<p>&nbsp;<\/p>\n<p>Em geral, os dados recebidos n\u00e3o ser\u00e3o utilizados para nenhum fim que n\u00e3o seja atender a sua solicita\u00e7\u00e3o, dar-lhe aten\u00e7\u00e3o personalizada ou enviar-lhe informa\u00e7\u00f5es, em caso de aceita\u00e7\u00e3o expressa, sobre produtos ou servi\u00e7os da TILO MOTION, subsidi\u00e1rias e afiliadas relacionadas ao setor autom\u00f3vel. e mobilidade.<\/p>\n<p>&nbsp;<\/p>\n<h3 class=\"titulo--parrafo\">COMO RECOLHEMOS OS SEUS DADOS?<\/h3>\n<p>A recolha dos seus dados ser\u00e1 sempre efetuada com o seu consentimento expresso e pode ser de v\u00e1rias maneiras, como:<\/p>\n<p>Quando entra em contato com a TILO MOTION diretamente, por exemplo, pela web ou por meio de diferentes linhas de atendimento ao cliente, a fim de solicitar informa\u00e7\u00f5es sobre nossos produtos e servi\u00e7os.<\/p>\n<p>Quando voc\u00ea solicita informa\u00e7\u00f5es ou adquire um produto ou servi\u00e7o da TILO MOTION.<\/p>\n<p>Quando participa nas nossas campanhas de marketing, atrav\u00e9s da web ou fisicamente, eventos, apresenta\u00e7\u00f5es de ve\u00edculos, participa\u00e7\u00e3o em qualquer promo\u00e7\u00e3o, sorteios.<\/p>\n<p>Nos diferentes formul\u00e1rios que est\u00e3o em nosso site, pode haver diferentes finalidades que continuamos a desenvolver a seguir:<\/p>\n<p>&nbsp;<\/p>\n<p>CHAT: os seus dados de contacto ser\u00e3o processados \u200b\u200ba fim de gerir os dados que solicitou.<\/p>\n<p>PEDIDOS TELEF\u00d4NICOS: os seus dados de contacto ser\u00e3o processados \u200b\u200ba fim de gerir os dados que solicitou.<\/p>\n<p>FINS COMERCIAIS: caso nos autorize expressamente, os seus dados ser\u00e3o processados \u200b\u200bpara o envio de informa\u00e7\u00e3o e publicidade, inclusive eletronicamente, sobre ofertas, produtos, recomenda\u00e7\u00f5es, servi\u00e7os, promo\u00e7\u00f5es, brindes e campanhas de fideliza\u00e7\u00e3o, nos produtos e servi\u00e7os da TILO MOTION, filiais e participadas.<\/p>\n<p>Nesse caso, suas informa\u00e7\u00f5es permanecer\u00e3o em nosso sistema enquanto voc\u00ea n\u00e3o solicitar a revoga\u00e7\u00e3o de seu consentimento.<\/p>\n<p>&nbsp;<\/p>\n<p>EXERC\u00cdCIO DE DIREITOS: o tratamento dos seus dados ser\u00e1 feito de forma a gerir o seu pedido de exerc\u00edcio de direitos.<\/p>\n<p>&nbsp;<\/p>\n<p>Voc\u00ea pode retirar o seu consentimento em qualquer, embora mesmo se voc\u00ea retirar o seu consentimento, ainda podemos ter o direito ou a obriga\u00e7\u00e3o sob a lei aplic\u00e1vel de coletar, usar, transferir ou comunicar suas informa\u00e7\u00f5es pessoais. Al\u00e9m disso, informamos que podemos precisar reter certas informa\u00e7\u00f5es para fins de manuten\u00e7\u00e3o de registos e \/ ou para concluir quaisquer transa\u00e7\u00f5es que voc\u00ea tenha iniciado antes de solicitar uma altera\u00e7\u00e3o ou exclus\u00e3o.<\/p>\n<p>&nbsp;<\/p>\n<p>Informamos que os consentimentos por si concedidos s\u00e3o totalmente revog\u00e1veis. A referida revoga\u00e7\u00e3o pode ser feita a qualquer momento, seja atrav\u00e9s do envio de um e-mail ao Respons\u00e1vel pela Prote\u00e7\u00e3o de Dados, conforme indicado no in\u00edcio deste documento, ou revogando-o diretamente nas diferentes comunica\u00e7\u00f5es que lhe enviamos. Da mesma forma, informamos que a referida revoga\u00e7\u00e3o n\u00e3o tem efeitos retroativos, entrando em vigor a partir do momento em que for solicitada.<\/p>\n<h3><\/h3>\n<h3 class=\"titulo--parrafo\">PER\u00cdODO DE CONSERVA\u00c7\u00c3O DOS SEUS DADOS:<\/h3>\n<p>Informamos que manteremos suas informa\u00e7\u00f5es pessoais pelo per\u00edodo necess\u00e1rio para cumprir os prop\u00f3sitos descritos nesta pol\u00edtica de privacidade, a menos que um per\u00edodo de reten\u00e7\u00e3o mais longo seja legalmente permitido ou exigido.<\/p>\n<p>Os dados pessoais fornecidos durante a rela\u00e7\u00e3o comercial ser\u00e3o guardados durante os dois anos seguintes \u00e0 data da \u00faltima obten\u00e7\u00e3o da sua autoriza\u00e7\u00e3o, desde que sejam mantidos, desde que n\u00e3o se oponha ao tratamento ou solicite a sua elimina\u00e7\u00e3o.<\/p>\n<p>Os dados pessoais facultados durante a rela\u00e7\u00e3o contratual ser\u00e3o guardados durante os dez anos seguintes, de forma a atender a eventuais consultas ou reclama\u00e7\u00f5es posteriores, nos prazos fixados por legisla\u00e7\u00e3o vinculativa como garantias e impostos, desde que mantidos, enquanto n\u00e3o se oponha ao tratamento ou n\u00e3o solicite sua exclus\u00e3o.<\/p>\n<h3><\/h3>\n<h3 class=\"titulo--parrafo\">LEGITIMA\u00c7\u00c3O:<\/h3>\n<p>O tratamento dos seus dados no que diz respeito aos fins acima descritos \u00e9 permitido pelo RGPD de acordo com as seguintes bases jur\u00eddicas:<\/p>\n<p>A base legal para atender a rela\u00e7\u00e3o comercial \u00e9 a legitima\u00e7\u00e3o por consentimento expresso do Usu\u00e1rio; Autorizou, atrav\u00e9s de formul\u00e1rio automatizado e \/ ou papel, o seu consentimento expresso para o processamento dos seus dados para determinados fins. Voc\u00ea pode revogar o consentimento dado a qualquer momento.<\/p>\n<p>A base legal para atender a rela\u00e7\u00e3o contratual \u00e9 a legitimidade pela execu\u00e7\u00e3o de um contrato firmado com voc\u00ea.<\/p>\n<p>Al\u00e9m disso, em alguns casos, o tratamento ser\u00e1 necess\u00e1rio para cumprir as obriga\u00e7\u00f5es legais correspondentes.<\/p>\n<p>Em ambos os casos, para o bom atendimento e gest\u00e3o do seu pedido, o interessado \u00e9 obrigado a fornecer os seus dados pessoais, caso contr\u00e1rio n\u00e3o poderemos responder ao seu pedido.<\/p>\n<p>O tratamento subsequente para fins comerciais est\u00e1 coberto pelo consentimento que solicitamos em cada recolha de dados pessoais, sem em caso algum a retirada do consentimento condicionar a celebra\u00e7\u00e3o da rela\u00e7\u00e3o com a TILO MOTION.<\/p>\n<p>&nbsp;<\/p>\n<p><strong>RECEPTORES:<\/strong><\/p>\n<p>A TILO MOTION n\u00e3o se comunicar\u00e1 com terceiros, a menos que expressamente informado disso.<\/p>\n<p>Durante o processo de recolha de dados, e em cada local do Website onde os referidos dados sejam solicitados, ser\u00e1 informado, atrav\u00e9s da inclus\u00e3o das men\u00e7\u00f5es cab\u00edveis no pr\u00f3prio formul\u00e1rio, do car\u00e1cter obrigat\u00f3rio ou n\u00e3o obrigat\u00f3rio da recolha de tais dados para inform\u00e1-lo sobre o produto ou servi\u00e7o selecionado, bem como as consequ\u00eancias da recusa em fornec\u00ea-lo, exceto para a realiza\u00e7\u00e3o de encomendas, caso em que a TILO MOTION informa a partir deste momento que n\u00e3o ser\u00e1 considerado volunt\u00e1rio, pelo que ser\u00e1 necess\u00e1ria a sua inclus\u00e3o Para a formaliza\u00e7\u00e3o da presta\u00e7\u00e3o de servi\u00e7os, forne\u00e7a os dados relativos \u00e0 identidade e dados de contacto, uma vez que estes dados s\u00e3o necess\u00e1rios para a formaliza\u00e7\u00e3o e presta\u00e7\u00e3o do servi\u00e7o por si solicitado.<\/p>\n<p>Voc\u00ea garante que os dados pessoais fornecidos atrav\u00e9s dos diferentes formul\u00e1rios de contato e inscri\u00e7\u00e3o s\u00e3o verdadeiros, sendo obrigado a comunicar quaisquer altera\u00e7\u00f5es aos mesmos. Da mesma forma, garante que todas as informa\u00e7\u00f5es fornecidas correspondem \u00e0 sua situa\u00e7\u00e3o real, que as mesmas s\u00e3o atualizadas e precisas.<\/p>\n<p>&nbsp;<\/p>\n<p><strong>TRANSFER\u00caNCIAS INTERNACIONAIS:<\/strong><\/p>\n<p>Informamos que os seus dados n\u00e3o ser\u00e3o comunicados a entidades fora do Espa\u00e7o Econ\u00f3mico Europeu sem o seu consentimento expresso, salvo nos casos em que uma regra obrigat\u00f3ria o permita, em tais casos inform\u00e1-lo-emos sempre que poss\u00edvel dos fins da referida comunica\u00e7\u00e3o.<\/p>\n<p>&nbsp;<\/p>\n<p><strong>CONFIDENCIALIDADE:<\/strong><\/p>\n<p>A TILO MOTION compromete-se a respeitar a sua confidencialidade e a utiliz\u00e1-los de acordo com a finalidade do ficheiro, bem como a cumprir a sua obriga\u00e7\u00e3o de os guardar e adaptar todas as medidas para evitar altera\u00e7\u00e3o, perda, tratamento ou acesso n\u00e3o autorizado, de acordo com Eu estabele\u00e7o no RGPD.<\/p>\n<p>&nbsp;<\/p>\n<p><strong>SEGURAN\u00c7A DE SEUS DADOS PESSOAIS:<\/strong><\/p>\n<p>Com o objetivo de salvaguardar a seguran\u00e7a dos seus dados pessoais, informamos que temos adotado todas as medidas t\u00e9cnicas e organizacionais necess\u00e1rias para garantir a seguran\u00e7a dos dados pessoais fornecidos desde a sua altera\u00e7\u00e3o, perda, uso indevido, divulga\u00e7\u00e3o e tratamento ou acesso n\u00e3o autorizado, conforme exigido pelos regulamentos de prote\u00e7\u00e3o de dados pessoais. Nesse sentido, TILO MOTION garante a guarda dos dados em tratamento, para o qual adotar\u00e1 as medidas cab\u00edveis para tais fins, sempre de acordo com o estado da tecnologia em todos os momentos.<\/p>\n<p>Nossas medidas de seguran\u00e7a s\u00e3o permanentemente atualizadas de acordo com o desenvolvimento tecnol\u00f3gico e as obriga\u00e7\u00f5es das normas de prote\u00e7\u00e3o de dados.<\/p>\n<p>No caso de voc\u00ea fornecer dados de terceiros, por exemplo, para informar um conhecido da publica\u00e7\u00e3o de um an\u00fancio, ou para recomendar o site ou um artigo publicado nele, voc\u00ea ser\u00e1 informado de que ser\u00e1 respons\u00e1vel por ter obtido o consentimento da pessoa e os dados da mesma que fornecem \u00e0 TILO MOTION.<\/p>\n<p>Al\u00e9m disso, caso tenha d\u00favidas sobre o tratamento dos seus dados pessoais, pode contactar a entidade acima descrita, na sua qualidade de Respons\u00e1vel, que se encontra \u00e0 sua disposi\u00e7\u00e3o caso necessite de informa\u00e7\u00f5es adicionais ao tratamento dos seus dados pessoais, se desejar fazer sugest\u00f5es ou levantar reclama\u00e7\u00f5es.<\/p>\n<p>A TILO MOTION n\u00e3o \u00e9 respons\u00e1vel pelo processamento dos seus dados pessoais em p\u00e1ginas web que n\u00e3o sejam do dom\u00ednio da TILO MOTION, \u00e0s quais pode aceder atrav\u00e9s dos diversos links que cont\u00e9m o nosso site, nem pelas medidas de seguran\u00e7a adotado por qualquer outra p\u00e1gina da web que permita um link com a nossa.<\/p>\n<p>&nbsp;<\/p>\n<p><strong>QUAIS S\u00c3O OS SEUS DIREITOS QUANDO VOC\u00ca NOS FORNECE OS SEUS DADOS?<\/strong><\/p>\n<p>Tem o direito de aceder aos seus dados pessoais, bem como de solicitar a retifica\u00e7\u00e3o de dados inexatos ou, se for caso disso, solicitar a sua elimina\u00e7\u00e3o quando, entre outros motivos, os dados j\u00e1 n\u00e3o sejam necess\u00e1rios para os fins para que foram recolhidos.<\/p>\n<p>Em determinadas circunst\u00e2ncias, poder\u00e1 solicitar a limita\u00e7\u00e3o do processamento dos seus dados, caso em que apenas os guardaremos para o exerc\u00edcio ou defesa de reclama\u00e7\u00f5es.<\/p>\n<p>Em certas circunst\u00e2ncias e por raz\u00f5es relacionadas \u00e0 sua situa\u00e7\u00e3o particular, voc\u00ea pode se opor ao processamento de seus dados. A TILO MOTION interromper\u00e1 o processamento dos dados, exceto por motivos leg\u00edtimos convincentes ou para o exerc\u00edcio ou defesa de poss\u00edveis reivindica\u00e7\u00f5es.<\/p>\n<p>Direito de reclamar junto da Autoridade de Controlo (Ag\u00eancia Espanhola de Prote\u00e7\u00e3o de Dados) se considerar que o tratamento n\u00e3o est\u00e1 em conformidade com o RGPD.<\/p>\n<p>Direito \u00e0 portabilidade dos seus dados pessoais.<\/p>\n<p>Direito de reclamar junto da Autoridade de Controle (Ag\u00eancia Espanhola de Prote\u00e7\u00e3o de Dados) pelo eventual descumprimento das normas de prote\u00e7\u00e3o de dados, cujas informa\u00e7\u00f5es podem ser encontradas neste link: http:\/\/www.agpd.es\/ portalwebAGPD \/ index-ides-idphp.php.<\/p>\n<p>O formul\u00e1rio pode ser enviado por correio para o Diretor de Prote\u00e7\u00e3o de Dados da TILO MOTION, no endere\u00e7o de e-mail admin@tilomotion.es.<\/p>\n<p>Para exercer seus direitos, voc\u00ea deve verificar sua identidade enviando sua identidade ou outro documento legal, como um passaporte.<\/p>\n<p>O exerc\u00edcio destes direitos por sua parte est\u00e1 sujeito a certas exce\u00e7\u00f5es por raz\u00f5es de interesse geral, como a preven\u00e7\u00e3o ou dete\u00e7\u00e3o de crimes ou para os nossos pr\u00f3prios interesses, como a manuten\u00e7\u00e3o da confidencialidade dos pareceres jur\u00eddicos. Se voc\u00ea exercer algum desses direitos, verificaremos se voc\u00ea realmente tem poderes para faz\u00ea-lo e responderemos dentro de um m\u00eas (de acordo com o RGPD), ou dentro do prazo m\u00e1ximo previsto nos regulamentos espanh\u00f3is, se for inferior.<\/p>\n<p>&nbsp;<\/p>\n<p><strong>ALTERA\u00c7\u00d5ES A ESTA POL\u00cdTICA DE PRIVACIDADE.<\/strong><\/p>\n<p>A TILO MOTION pode modificar estas pol\u00edticas de privacidade para adapt\u00e1-las \u00e0s medidas legislativas ou jurisprudenciais sobre os dados pessoais que apare\u00e7am, pelo que \u00e9 necess\u00e1ria a sua leitura, sempre que nos fornecer os seus dados atrav\u00e9s deste site.[\/vc_column_text][\/vc_column][\/vc_row]<\/p>\n<\/div>","protected":false},"excerpt":{"rendered":"<p>[vc_row][vc_column][vc_column_text] POL\u00cdTICA DE PROTE\u00c7\u00c3O DE DADOS O objetivo deste documento \u00e9 estabelecer a Pol\u00edtica de Privacidade deste site (doravante, o &#8220;Site&#8221;). &nbsp; Ao ter acesso e utilizar o Site, voc\u00ea estar\u00e1 expressamente consentindo com o&#8230;<\/p>\n","protected":false},"author":109,"featured_media":0,"parent":0,"menu_order":0,"comment_status":"closed","ping_status":"closed","template":"","meta":{"footnotes":""},"class_list":["post-19453","page","type-page","status-publish","hentry"],"_links":{"self":[{"href":"https:\/\/www.tilomotion.com\/pt\/wp-json\/wp\/v2\/pages\/19453","targetHints":{"allow":["GET"]}}],"collection":[{"href":"https:\/\/www.tilomotion.com\/pt\/wp-json\/wp\/v2\/pages"}],"about":[{"href":"https:\/\/www.tilomotion.com\/pt\/wp-json\/wp\/v2\/types\/page"}],"author":[{"embeddable":true,"href":"https:\/\/www.tilomotion.com\/pt\/wp-json\/wp\/v2\/users\/109"}],"replies":[{"embeddable":true,"href":"https:\/\/www.tilomotion.com\/pt\/wp-json\/wp\/v2\/comments?post=19453"}],"version-history":[{"count":0,"href":"https:\/\/www.tilomotion.com\/pt\/wp-json\/wp\/v2\/pages\/19453\/revisions"}],"wp:attachment":[{"href":"https:\/\/www.tilomotion.com\/pt\/wp-json\/wp\/v2\/media?parent=19453"}],"curies":[{"name":"wp","href":"https:\/\/api.w.org\/{rel}","templated":true}]}}