{"id":19253,"date":"2021-11-22T16:52:35","date_gmt":"2021-11-22T15:52:35","guid":{"rendered":"https:\/\/www.tilomotion.com\/nuestros-productos\/"},"modified":"2022-02-25T13:40:13","modified_gmt":"2022-02-25T12:40:13","slug":"os-nossos-produtos","status":"publish","type":"page","link":"https:\/\/www.tilomotion.com\/pt\/os-nossos-produtos\/","title":{"rendered":"Os nossos produtos"},"content":{"rendered":"<div class=\"wpb-content-wrapper\"><p>[vc_row content_width=&#8221;grid&#8221; content_aligment=&#8221;center&#8221; el_class=&#8221;separacion-bottom separacion-top&#8221;][vc_column width=&#8221;1\/4&#8243;][\/vc_column][vc_column width=&#8221;1\/2&#8243;][vc_column_text]<\/p>\n<h2 class=\"text-center mb-3 estilo-h3\"><span class=\"color-verde\">Mais de 15 anos impulsando o com\u00e9rcio autom\u00f3vel <\/span>com as nossas solu\u00e7\u00f5es<\/h2>\n<div class=\"text-center\"><em>Big data, business intelligence<\/em> &#8230; O futuro do setor autom\u00f3vel \u00e9 apaixonante, e na TILOMOTION fornecemos <strong>ferramentas que ajudam concession\u00e1rios e marcas <\/strong> a acelerar os seus processos utilizando as \u00faltimas tecnologias. Conhe\u00e7a-os.<\/div>\n<p>[\/vc_column_text][\/vc_column][vc_column width=&#8221;1\/4&#8243;][\/vc_column][\/vc_row][vc_row content_width=&#8221;grid&#8221; el_class=&#8221;separacion-bottom&#8221;][vc_column width=&#8221;1\/2&#8243; el_class=&#8221;columna-texto&#8211;ancho-ingrid columna-texto&#8211;ancho-ingrid&#8211;izq pt-5&#8243;][vc_single_image image=&#8221;19432&#8243; img_size=&#8221;full&#8221; alignment=&#8221;center&#8221; el_class=&#8221;solo_mobile mb-3&#8243;][vc_column_text el_class=&#8221;mb-4&#8243;]<img decoding=\"async\" src=\"\/wp-content\/themes\/any-child\/assets\/img\/logo_mx.svg\" \/>[\/vc_column_text][vc_column_text]A maxterauto\u00ae tem revolucionado o software autom\u00f3vel h\u00e1 <strong>mais de 15 anos. <\/strong> Criando uma solu\u00e7\u00e3o de CRM para concession\u00e1rios e marcas que se adapta a todas as necessidades: controlando a gest\u00e3o do neg\u00f3cio de VU \/ VN, integrando com a DMS\/CRM da sua marca e <strong>totalmente online.<\/strong> Constru\u00edda para responder aos novos desafios do setor autom\u00f3vel, a maxterauto\u00ae oferece uma solu\u00e7\u00e3o completa que abrange todas as fases do processo de venda dentro de uma \u00fanica aplica\u00e7\u00e3o.[\/vc_column_text][vc_empty_space height=&#8221;45px&#8221;]<a href=\"https:\/\/pt.maxterauto.com\/\" target=\"_blank\" style=\"color: #ffffff;background-color: #a2cd44;border: 1px solid #ffffff\" class=\"edgtf-btn edgtf-btn-medium edgtf-btn-solid edgtf-btn-custom-hover-bg edgtf-btn-custom-border-hover edgtf-btn-custom-hover-color\" data-hover-bg-color=\"#ffffff\" data-hover-color=\"#a2cd44\" data-hover-border-color=\"#a2cd44\" >\n    <span class=\"edgtf-btn-text\">Saber mais<\/span>\n    <\/a>[\/vc_column][vc_column width=&#8221;1\/2&#8243; el_class=&#8221;solo_desktop&#8221;][vc_single_image image=&#8221;19432&#8243; img_size=&#8221;full&#8221; alignment=&#8221;center&#8221;][\/vc_column][\/vc_row][vc_row content_width=&#8221;grid&#8221; el_class=&#8221;separacion-bottom&#8221;][vc_column width=&#8221;1\/2&#8243; el_class=&#8221;solo_desktop&#8221;][vc_single_image image=&#8221;19426&#8243; img_size=&#8221;full&#8221; alignment=&#8221;center&#8221;][\/vc_column][vc_column width=&#8221;1\/2&#8243; el_class=&#8221;columna-texto&#8211;ancho-ingrid columna-texto&#8211;ancho-ingrid&#8211;der pt-5&#8243;][vc_single_image image=&#8221;19426&#8243; img_size=&#8221;full&#8221; alignment=&#8221;center&#8221; el_class=&#8221;solo_mobile mb-3&#8243;][vc_column_text el_class=&#8221;mb-4&#8243;]<img decoding=\"async\" src=\"\/wp-content\/themes\/any-child\/assets\/img\/logo_lc.svg\" \/>[\/vc_column_text][vc_column_text]Atende as oportunidades de vendas online e offline da maneira mais eficiente com LeadCars, <strong>o lead manager 100% especializado para o setor autom\u00f3vel. <\/strong> Concentra TODAS as origens de leads numa \u00fanica ferramenta, gerando processos de atribui\u00e7\u00e3o autom\u00e1tica por tipo e estado, qualifica atrav\u00e9s de um chatbot de contactos sem interven\u00e7\u00e3o humana e valida o RGPD online e instantaneamente, conecta-se com mais de 3000 apps atrav\u00e9s do Zapier, e muito mais\u2026[\/vc_column_text][vc_empty_space height=&#8221;45px&#8221;]<a href=\"https:\/\/www.leadcars.pt\/\" target=\"_blank\" style=\"color: #ffffff;background-color: #a2cd44;border: 1px solid #ffffff\" class=\"edgtf-btn edgtf-btn-medium edgtf-btn-solid edgtf-btn-custom-hover-bg edgtf-btn-custom-border-hover edgtf-btn-custom-hover-color\" data-hover-bg-color=\"#ffffff\" data-hover-color=\"#a2cd44\" data-hover-border-color=\"#a2cd44\" >\n    <span class=\"edgtf-btn-text\">Saber mais<\/span>\n    <\/a>[\/vc_column][\/vc_row][vc_row disable_element=&#8221;yes&#8221; content_width=&#8221;grid&#8221;][vc_column width=&#8221;1\/2&#8243; el_class=&#8221;columna-texto&#8211;ancho-ingrid columna-texto&#8211;ancho-ingrid&#8211;izq pt-5&#8243;][vc_single_image image=&#8221;19420&#8243; img_size=&#8221;full&#8221; alignment=&#8221;center&#8221; el_class=&#8221;solo_mobile mb-3&#8243;][vc_column_text el_class=&#8221;mb-4&#8243;]<img decoding=\"async\" src=\"\/wp-content\/themes\/any-child\/assets\/img\/logo_ocs.svg\" \/>[\/vc_column_text][vc_column_text]Vende tu stock en internet de la forma m\u00e1s r\u00e1pida y eficaz con Online Car Store.<strong> Genera uno o varios microsites especializados en venta de veh\u00edculos<\/strong> de forma r\u00e1pida y econ\u00f3mica, y permite a tus clientes reservar coches autom\u00e1ticamente con su tarjeta de cr\u00e9dito, recibiendo ese stock de veh\u00edculos directamente desde tu DMS\/CRM de marca.[\/vc_column_text][vc_empty_space height=&#8221;45px&#8221;]<a href=\"https:\/\/www.onlinecarstore.es\" target=\"_blank\" style=\"color: #ffffff;background-color: #a2cd44;border: 1px solid #ffffff\" class=\"edgtf-btn edgtf-btn-medium edgtf-btn-solid edgtf-btn-custom-hover-bg edgtf-btn-custom-border-hover edgtf-btn-custom-hover-color\" data-hover-bg-color=\"#ffffff\" data-hover-color=\"#a2cd44\" data-hover-border-color=\"#a2cd44\" >\n    <span class=\"edgtf-btn-text\">Saber m\u00e1s<\/span>\n    <\/a>[\/vc_column][vc_column width=&#8221;1\/2&#8243; el_class=&#8221;solo_desktop&#8221;][vc_single_image image=&#8221;19420&#8243; img_size=&#8221;full&#8221; alignment=&#8221;center&#8221;][\/vc_column][\/vc_row][vc_row css=&#8221;.vc_custom_1638359275672{margin-top: 100px !important;margin-bottom: 55px !important;}&#8221;][vc_column width=&#8221;1\/2&#8243; el_class=&#8221;columna-texto&#8211;ancho-ingrid columna-texto&#8211;ancho-ingrid&#8211;izq pt-5&#8243;][vc_column_text]<\/p>\n<div class=\"text-left\">\n<div class=\"estilo-h5 mb-3\">Contacto<\/div>\n<div class=\"estilo-h3 mb-4\">N\u00e3o deixe o seu projeto nas m\u00e3os de qualquer pessoa, <span class=\"color-verde\">contacte-nos<\/span><\/div>\n<\/div>\n<div class=\"forminator-ui forminator-custom-form forminator-custom-form-19247 forminator-design--default  forminator_ajax\" data-forminator-render=\"0\" data-form=\"forminator-module-19247\" data-uid=\"69f71b7fae4b1\"><br\/><\/div><form\r\n\t\t\t\tid=\"forminator-module-19247\"\r\n\t\t\t\tclass=\"forminator-ui forminator-custom-form forminator-custom-form-19247 forminator-design--default  forminator_ajax\"\r\n\t\t\t\tmethod=\"post\"\r\n\t\t\t\tdata-forminator-render=\"0\"\r\n\t\t\t\tdata-form-id=\"19247\"\r\n\t\t\t\t\r\n\t\t\t\tdata-design=\"default\"\r\n\t\t\t\t\r\n\t\t\t\t\r\n\t\t\t\t\r\n\t\t\t\tdata-grid=\"open\"\r\n\t\t\t\t\r\n\t\t\t\t\r\n\t\t\t\tstyle=\"display: none;\"\r\n\t\t\t\t\r\n\t\t\t\tdata-uid=\"69f71b7fae4b1\"\r\n\t\t\t><div role=\"alert\" aria-live=\"polite\" class=\"forminator-response-message forminator-error\" aria-hidden=\"true\"><\/div><div class=\"forminator-row\"><div id=\"text-1\" class=\"forminator-field-text forminator-col forminator-col-6  campo-nombre campo-form\"><div class=\"forminator-field\"><input type=\"text\" name=\"text-1\" value=\"\" placeholder=\"*Nome\" id=\"forminator-field-text-1_69f71b7fae4b1\" class=\"forminator-input forminator-name--field\" data-required=\"1\" \/><\/div><\/div><div id=\"phone-1\" class=\"forminator-field-phone forminator-col forminator-col-6  campo-telefono campo-form\"><div class=\"forminator-field\"><input type=\"text\" name=\"phone-1\" value=\"\" placeholder=\"*Telefone\" id=\"forminator-field-phone-1_69f71b7fae4b1\" class=\"forminator-input forminator-field--phone\" data-required=\"1\" aria-required=\"true\" autocomplete=\"off\" data-national_mode=\"enabled\" data-country=\"PT\" data-validation=\"standard\" \/><\/div><\/div><\/div><div class=\"forminator-row\"><div id=\"email-1\" class=\"forminator-field-email forminator-col forminator-col-12  campo-correo campo-form\"><div class=\"forminator-field\"><input type=\"email\" name=\"email-1\" value=\"\" placeholder=\"*Email\" id=\"forminator-field-email-1_69f71b7fae4b1\" class=\"forminator-input forminator-email--field\" data-required=\"true\" aria-required=\"true\" \/><\/div><\/div><\/div><div class=\"forminator-row\"><div id=\"textarea-1\" class=\"forminator-field-textarea forminator-col forminator-col-12  campo-texto campo-form\"><div class=\"forminator-field\"><textarea name=\"textarea-1\" placeholder=\"Diga-nos a sua ideia\" id=\"forminator-field-textarea-1_69f71b7fae4b1\" class=\"forminator-textarea\" rows=\"6\" style=\"min-height:140px;\" ><\/textarea><\/div><\/div><\/div><div class=\"forminator-row\"><div id=\"consent-1\" class=\"forminator-field-consent forminator-col forminator-col-12  check-contacto check-form\"><div class=\"forminator-field\"><div class=\"forminator-checkbox__wrapper\"><label for=\"forminator-field-consent-1_69f71b7fae4b1\" id=\"forminator-field-consent-1_69f71b7fae4b1__label\" class=\"forminator-checkbox forminator-consent\" style=\"margin: 0;\"><input type=\"checkbox\" name=\"consent-1\" id=\"forminator-field-consent-1_69f71b7fae4b1\" value=\"checked\" aria-labelledby=\"forminator-field-consent-1_69f71b7fae4b1-label\" aria-describedby=\"forminator-field-consent-1_69f71b7fae4b1__description\" data-required=\"true\" aria-required=\"true\" \/><span class=\"forminator-checkbox-box\" aria-hidden=\"true\"><\/span><\/label><div id=\"forminator-field-consent-1_69f71b7fae4b1__description\" class=\"forminator-checkbox__label forminator-consent__label\"><p style=\"font-size: 10px\">Li e entendi a  <a style=\"text-decoration: underline\" href=\"\/aviso-legal\" target=\"_blank\" rel=\"noopener\">pol\u00edtica de privacidade <\/a>e concordo em receber emails comerciais.<\/p><\/div><\/div><\/div><\/div><\/div><div class=\"forminator-row\"><div id=\"captcha-1\" class=\"forminator-field-captcha forminator-col forminator-col-12 \"><div class=\"forminator-g-recaptcha recaptcha-invisible\" data-theme=\"light\" data-badge=\"bottomright\" data-sitekey=\"6LcKkRYpAAAAACE0kfYjiKCvxO0t-e4dhO9bYAld\" data-size=\"invisible\"><\/div> <\/div><\/div><input type=\"hidden\" name=\"referer_url\" value=\"\" \/><div class=\"forminator-row forminator-row-last\"><div class=\"forminator-col\"><div class=\"forminator-field\"><button class=\"forminator-button forminator-button-submit boton-newsletter boton-form\">ENVIAR<\/button><\/div><\/div><\/div><input type=\"hidden\" id=\"forminator_nonce\" name=\"forminator_nonce\" value=\"57bf988802\" \/><input type=\"hidden\" name=\"_wp_http_referer\" value=\"\/pt\/wp-json\/wp\/v2\/pages\/19253\" \/><input type=\"hidden\" name=\"form_id\" value=\"19247\"><input type=\"hidden\" name=\"page_id\" value=\"19253\"><input type=\"hidden\" name=\"form_type\" value=\"default\"><input type=\"hidden\" name=\"current_url\" value=\"https:\/\/www.tilomotion.com\/pt\/os-nossos-produtos\/\"><input type=\"hidden\" name=\"render_id\" value=\"0\"><input type=\"hidden\" name=\"action\" value=\"forminator_submit_form_custom-forms\"><label for=\"input_6\" class=\"forminator-hidden\" aria-hidden=\"true\">Please do not fill in this field. <input id=\"input_6\" type=\"text\" name=\"input_6\" value=\"\" autocomplete=\"off\"><\/label><\/form>[\/vc_column_text][\/vc_column][vc_column width=&#8221;1\/2&#8243; css=&#8221;.vc_custom_1642156612007{background-image: url(https:\/\/www.tilomotion.com\/wp-content\/uploads\/2021\/12\/contacto_raices_color.jpg?id=10211) !important;background-position: center !important;background-repeat: no-repeat !important;background-size: cover !important;}&#8221; el_class=&#8221;columna-imagen&#8211;ancho-completo solo_desktop columna-imagen-contacto&#8221;][\/vc_column][\/vc_row]<\/p>\n<\/div>","protected":false},"excerpt":{"rendered":"<p>[vc_row content_width=&#8221;grid&#8221; content_aligment=&#8221;center&#8221; el_class=&#8221;separacion-bottom separacion-top&#8221;][vc_column width=&#8221;1\/4&#8243;][\/vc_column][vc_column width=&#8221;1\/2&#8243;][vc_column_text] Mais de 15 anos impulsando o com\u00e9rcio autom\u00f3vel com as nossas solu\u00e7\u00f5es Big data, business intelligence &#8230; O futuro do setor autom\u00f3vel \u00e9 apaixonante, e na TILOMOTION fornecemos&#8230;<\/p>\n","protected":false},"author":2,"featured_media":0,"parent":0,"menu_order":0,"comment_status":"closed","ping_status":"closed","template":"full-width.php","meta":{"footnotes":""},"class_list":["post-19253","page","type-page","status-publish","hentry"],"_links":{"self":[{"href":"https:\/\/www.tilomotion.com\/pt\/wp-json\/wp\/v2\/pages\/19253","targetHints":{"allow":["GET"]}}],"collection":[{"href":"https:\/\/www.tilomotion.com\/pt\/wp-json\/wp\/v2\/pages"}],"about":[{"href":"https:\/\/www.tilomotion.com\/pt\/wp-json\/wp\/v2\/types\/page"}],"author":[{"embeddable":true,"href":"https:\/\/www.tilomotion.com\/pt\/wp-json\/wp\/v2\/users\/2"}],"replies":[{"embeddable":true,"href":"https:\/\/www.tilomotion.com\/pt\/wp-json\/wp\/v2\/comments?post=19253"}],"version-history":[{"count":0,"href":"https:\/\/www.tilomotion.com\/pt\/wp-json\/wp\/v2\/pages\/19253\/revisions"}],"wp:attachment":[{"href":"https:\/\/www.tilomotion.com\/pt\/wp-json\/wp\/v2\/media?parent=19253"}],"curies":[{"name":"wp","href":"https:\/\/api.w.org\/{rel}","templated":true}]}}