{"id":18353,"date":"2019-08-10T17:27:42","date_gmt":"2019-08-10T16:27:42","guid":{"rendered":"https:\/\/www.tilomotion.com\/lo-que-sabemos\/"},"modified":"2022-02-28T09:26:43","modified_gmt":"2022-02-28T08:26:43","slug":"o-que-sabemos","status":"publish","type":"page","link":"https:\/\/www.tilomotion.com\/pt\/o-que-sabemos\/","title":{"rendered":"O que sabemos"},"content":{"rendered":"<div class=\"wpb-content-wrapper\"><p>[vc_row content_width=&#8221;grid&#8221; content_aligment=&#8221;center&#8221; el_class=&#8221;separacion-bottom separacion-top&#8221;][vc_column width=&#8221;1\/4&#8243;][\/vc_column][vc_column width=&#8221;1\/2&#8243;][vc_column_text]<\/p>\n<h2 class=\"text-center mb-3 estilo-h3\" style=\"text-align: center;\">N\u00e3o sabemos tudo, mas h\u00e1 coisas em que somos <span class=\"color-verde\">muito bons<\/span><\/h2>\n<div class=\"text-center\" style=\"text-align: center;\">Num mundo onde a maioria das empresas prop\u00f5e \u201ctudo\u201d, estamos especializados em <strong>propor o que fazemos melhor.<\/strong> Trabalhamos com um foco orientado ao fornecimento de solu\u00e7\u00f5es para as necessidades do com\u00e9rcio na \u00e1rea digital, e transform\u00e1-las numa experi\u00eancia que cria mais-valia e faz o projeto crescer.<\/div>\n<p>[\/vc_column_text][\/vc_column][vc_column width=&#8221;1\/4&#8243;][\/vc_column][\/vc_row][vc_row el_class=&#8221;row-loquesabemos&#8211;seccion&#8221;][vc_column width=&#8221;1\/2&#8243; css=&#8221;.vc_custom_1642157597054{background-image: url(https:\/\/www.tilomotion.com\/wp-content\/uploads\/2021\/12\/imagen-servicios-3-color-1.jpg?id=10227) !important;background-position: center !important;background-repeat: no-repeat !important;background-size: cover !important;}&#8221; el_class=&#8221;columna-imagen&#8211;ancho-completo solo_desktop columna-imagen-servicios-1&#8243;][\/vc_column][vc_column width=&#8221;1\/2&#8243; el_class=&#8221;columna-texto&#8211;ancho-ingrid columna-texto&#8211;ancho-ingrid&#8211;der pt-5&#8243;][vc_column_text]<\/p>\n<div class=\"text-left mb-4\"><img decoding=\"async\" src=\"\/wp-content\/themes\/any-child\/assets\/img\/servicios\/icono_servicios_web.svg\" \/><\/div>\n<p>[\/vc_column_text][vc_column_text]<\/p>\n<div class=\"text-left\">\n<h4>Desenvolvimento P\u00e1ginas Web e com\u00e9rcio online<\/h4>\n<div class=\"mt-3 color-gris-claro\">\n<p>Somos especialistas no desenvolvimento de p\u00e1ginas web e na cria\u00e7\u00e3o de solu\u00e7\u00f5es de com\u00e9rcio online. Gostamos de inovar e elevar a fasquia, por isso trabalhamos com as tecnologias mais avan\u00e7adas.<\/p>\n<p>Desde o primeiro momento a nossa equipa ir\u00e1 acompanh\u00e1-lo na elabora\u00e7\u00e3o de um plano orientado para atingir os seus objetivos e necessidades, o nosso trabalho ser\u00e1 disponibilizar todos os recursos necess\u00e1rios para alcan\u00e7\u00e1-lo.<\/p>\n<\/div>\n<\/div>\n<p>[\/vc_column_text][vc_empty_space el_class=&#8221;solo_mobile&#8221;][\/vc_column][\/vc_row][vc_row el_class=&#8221;row-loquesabemos&#8211;seccion&#8221;][vc_column width=&#8221;1\/2&#8243; el_class=&#8221;columna-texto&#8211;ancho-ingrid columna-texto&#8211;ancho-ingrid&#8211;izq pt-5&#8243;][vc_column_text]<\/p>\n<div class=\"text-left mb-4\"><img decoding=\"async\" src=\"\/wp-content\/themes\/any-child\/assets\/img\/servicios\/icono_servicios_seo.svg\" \/><\/div>\n<p>[\/vc_column_text][vc_column_text]<\/p>\n<div class=\"text-left\">\n<h4>Otimiza\u00e7\u00e3o SEO y CRO<\/h4>\n<div class=\"mt-3 color-gris-claro\">\n<p>Podemos ter a melhor p\u00e1gina web ou com\u00e9rcio online do mundo, mas se n\u00e3o tiver tr\u00e1fego nem vendas, n\u00e3o vale a pena. O posicionamento nas pesquisas e a convers\u00e3o de visitantes em vendas \u00e9 um objetivo fundamental de qualquer p\u00e1gina web.<\/p>\n<p><b>SEO: <\/b>Sem tr\u00e1fego \u00e9 muito dif\u00edcil fazer neg\u00f3cios, n\u00f3s o sabemos, por isso entendemos o posicionamento como a maneira de atrair clientes qualificados para fazer compras digitais.<br \/>\n<b>CRO: <\/b>Mas n\u00e3o se trata apenas de atrair tr\u00e1fego. \u00c9 fundamental que o neg\u00f3cio digital seja perfeitamente desenhado para que o cliente n\u00e3o se perca, mas encontre&#8230; n\u00e3o saia da p\u00e1gina, mas fica interessado&#8230; n\u00e3o desista, mas compra.<\/p>\n<\/div>\n<\/div>\n<p>[\/vc_column_text][vc_empty_space el_class=&#8221;solo_mobile&#8221;][\/vc_column][vc_column width=&#8221;1\/2&#8243; css=&#8221;.vc_custom_1642157584135{background-image: url(https:\/\/www.tilomotion.com\/wp-content\/uploads\/2021\/12\/imagen-servicios-5-color-1.jpg?id=10237) !important;background-position: center !important;background-repeat: no-repeat !important;background-size: cover !important;}&#8221; el_class=&#8221;columna-imagen&#8211;ancho-completo solo_desktop columna-imagen-servicios-2&#8243;][\/vc_column][\/vc_row][vc_row el_class=&#8221;row-loquesabemos&#8211;seccion&#8221;][vc_column width=&#8221;1\/2&#8243; css=&#8221;.vc_custom_1642157570082{background-image: url(https:\/\/www.tilomotion.com\/wp-content\/uploads\/2021\/12\/imagen-servicios-2-color-1.jpg?id=10225) !important;background-position: center !important;background-repeat: no-repeat !important;background-size: cover !important;}&#8221; el_class=&#8221;columna-imagen&#8211;ancho-completo solo_desktop columna-imagen-servicios-5&#8243;][\/vc_column][vc_column width=&#8221;1\/2&#8243; el_class=&#8221;columna-texto&#8211;ancho-ingrid columna-texto&#8211;ancho-ingrid&#8211;der pt-5&#8243;][vc_column_text]<\/p>\n<div class=\"text-left mb-4\"><img decoding=\"async\" src=\"\/wp-content\/themes\/any-child\/assets\/img\/servicios\/icon_paid media.svg\" \/><\/div>\n<p>[\/vc_column_text][vc_column_text]<\/p>\n<div class=\"text-left\">\n<h4>Paid Media: campanhas de tr\u00e1fego<\/h4>\n<div class=\"mt-3 color-gris-claro\">\n<p>Google, Facebook, TikTok, Linkedin&#8230; onde devo anunciar os meus produtos ou a minha empresa? Ser o &#8220;rei&#8221; da audi\u00eancia n\u00e3o \u00e9 f\u00e1cil, ajudamos a definir a sua estrat\u00e9gia de media para alcan\u00e7ar o m\u00e1ximo sucesso.<\/p>\n<p>A publicidade online \u00e9 uma grande oportunidade para chegar ao p\u00fablico que nos interesse, mostrar-lhe conte\u00fados relacionados com os seus interesses e cativ\u00e1-lo.<\/p>\n<\/div>\n<\/div>\n<p>[\/vc_column_text][vc_empty_space el_class=&#8221;solo_mobile&#8221;][\/vc_column][\/vc_row][vc_row el_class=&#8221;row-loquesabemos&#8211;seccion&#8221;][vc_column width=&#8221;1\/2&#8243; el_class=&#8221;columna-texto&#8211;ancho-ingrid columna-texto&#8211;ancho-ingrid&#8211;izq pt-5&#8243;][vc_column_text]<\/p>\n<div class=\"text-left mb-4\"><img decoding=\"async\" src=\"\/wp-content\/themes\/any-child\/assets\/img\/servicios\/icono_servicios_estrategia.svg\" \/><\/div>\n<p>[\/vc_column_text][vc_column_text]<\/p>\n<div class=\"text-left\">\n<h4>Estrat\u00e9gia CRM<\/h4>\n<div class=\"mt-3 color-gris-claro\">Marketing CRM n\u00e3o \u00e9 medir \u201cquem abre os emails, quem entra na p\u00e1gina web e quem sai daqui sem intera\u00e7\u00e3o\u201d. Trabalhar a base de dados atrav\u00e9s de uma estrat\u00e9gia de Marketing CRM torna-se uma oportunidade que pode permitir-nos conhecer cada vez melhor os nossos clientes, e assim poder propor-lhes uma mais-valia adicional que eles s\u00e3o mais do que apenas clientes, mas prescritores.<\/div>\n<\/div>\n<p>[\/vc_column_text][vc_empty_space el_class=&#8221;solo_mobile&#8221;][\/vc_column][vc_column width=&#8221;1\/2&#8243; css=&#8221;.vc_custom_1642157554619{background-image: url(https:\/\/www.tilomotion.com\/wp-content\/uploads\/2021\/12\/imagen-servicios-8-color.jpg?id=10235) !important;background-position: center !important;background-repeat: no-repeat !important;background-size: cover !important;}&#8221; el_class=&#8221;columna-imagen&#8211;ancho-completo solo_desktop columna-imagen-servicios-3&#8243;][\/vc_column][\/vc_row][vc_row el_class=&#8221;row-loquesabemos&#8211;seccion&#8221;][vc_column width=&#8221;1\/2&#8243; css=&#8221;.vc_custom_1642157542458{background-image: url(https:\/\/www.tilomotion.com\/wp-content\/uploads\/2021\/12\/imagen-servicios-4-color-1.jpg?id=10229) !important;background-position: center !important;background-repeat: no-repeat !important;background-size: cover !important;}&#8221; el_class=&#8221;columna-imagen&#8211;ancho-completo solo_desktop columna-imagen-servicios-4&#8243;][\/vc_column][vc_column width=&#8221;1\/2&#8243; el_class=&#8221;columna-texto&#8211;ancho-ingrid columna-texto&#8211;ancho-ingrid&#8211;der pt-5&#8243;][vc_column_text]<\/p>\n<div class=\"text-left mb-4\"><img decoding=\"async\" src=\"\/wp-content\/themes\/any-child\/assets\/img\/servicios\/icono_servicios_mkt.svg\" \/><\/div>\n<p>[\/vc_column_text][vc_column_text]<\/p>\n<div class=\"text-left\">\n<h4>Comunica\u00e7\u00e3o e Marketing Online<\/h4>\n<div class=\"mt-3 color-gris-claro\">\n<p>Pesquisamos solu\u00e7\u00f5es criativas que unam o seu neg\u00f3cio com as pessoas. Redes sociais, e-mail ou uma campanha s\u00e3o apenas as ferramentas, mas o importante \u00e9 a mensagem e, na maioria das vezes, o que funciona melhor \u00e9 o mais simples.<\/p>\n<\/div>\n<\/div>\n<p>[\/vc_column_text][vc_empty_space el_class=&#8221;solo_mobile&#8221;][\/vc_column][\/vc_row][vc_row el_class=&#8221;row-loquesabemos&#8211;seccion&#8221;][vc_column width=&#8221;1\/2&#8243; el_class=&#8221;columna-texto&#8211;ancho-ingrid columna-texto&#8211;ancho-ingrid&#8211;izq pt-5&#8243;][vc_column_text]<\/p>\n<div class=\"text-left mb-4\"><img decoding=\"async\" src=\"\/wp-content\/themes\/any-child\/assets\/img\/servicios\/icono_servicios_consultoria.svg\" \/><\/div>\n<p>[\/vc_column_text][vc_column_text]<\/p>\n<div class=\"text-left\">\n<h4>Consultoria digital especializada<\/h4>\n<div class=\"mt-3 color-gris-claro\">A gest\u00e3o estrat\u00e9gica do projeto \u00e9 outro dos aspetos chave para alcan\u00e7ar o sucesso, garantir um \u00f3timo desenvolvimento e crescimento. Para isso, realizamos uma an\u00e1lise estrat\u00e9gica e acompanhada desde o in\u00edcio, para que possamos definir em conjunto desde o journey, at\u00e9 cada uma das suas fases e as solu\u00e7\u00f5es a implementar.<\/div>\n<\/div>\n<p>[\/vc_column_text][vc_empty_space el_class=&#8221;solo_mobile&#8221;][\/vc_column][vc_column width=&#8221;1\/2&#8243; css=&#8221;.vc_custom_1642157527470{background-image: url(https:\/\/www.tilomotion.com\/wp-content\/uploads\/2021\/12\/imagen-servicios-1-color-1.jpg?id=10223) !important;background-position: center !important;background-repeat: no-repeat !important;background-size: cover !important;}&#8221; el_class=&#8221;columna-imagen&#8211;ancho-completo solo_desktop columna-imagen-servicios-6&#8243;][\/vc_column][\/vc_row][vc_row el_class=&#8221;row-loquesabemos&#8211;seccion&#8221;][vc_column width=&#8221;1\/2&#8243; css=&#8221;.vc_custom_1642157513050{background-image: url(https:\/\/www.tilomotion.com\/wp-content\/uploads\/2021\/12\/imagen-servicios-6-color.jpg?id=10231) !important;background-position: center !important;background-repeat: no-repeat !important;background-size: cover !important;}&#8221; el_class=&#8221;columna-imagen&#8211;ancho-completo solo_desktop columna-imagen-servicios-7&#8243;][\/vc_column][vc_column width=&#8221;1\/2&#8243; el_class=&#8221;columna-texto&#8211;ancho-ingrid columna-texto&#8211;ancho-ingrid&#8211;der pt-5&#8243;][vc_column_text]<\/p>\n<div class=\"text-left mb-4\"><img decoding=\"async\" src=\"\/wp-content\/themes\/any-child\/assets\/img\/servicios\/productos-especializados.svg\" \/><\/div>\n<p>[\/vc_column_text][vc_column_text]<\/p>\n<div class=\"text-left\">\n<h4>Produtos especializados<\/h4>\n<div class=\"mt-3 color-gris-claro\">Estamos a trabalhar h\u00e1 mais de 15 anos para fornecer solu\u00e7\u00f5es reais para o setor autom\u00f3vel e ajudar marcas e concession\u00e1rios no seu processo de digitaliza\u00e7\u00e3o. Toda esta experi\u00eancia e trabalho duro resultaram num conjunto de ferramentas que permitem fazer a gest\u00e3o e controlar todos os processos de vendas e marketing de um concession\u00e1rio no mundo digital.<\/div>\n<\/div>\n<p>[\/vc_column_text][\/vc_column][\/vc_row][vc_row css=&#8221;.vc_custom_1644829605140{margin-top: 75px !important;margin-bottom: 55px !important;}&#8221;][vc_column width=&#8221;1\/2&#8243; el_class=&#8221;columna-texto&#8211;ancho-ingrid columna-texto&#8211;ancho-ingrid&#8211;izq pt-5&#8243;][vc_column_text]<\/p>\n<div class=\"text-left\">\n<div class=\"estilo-h5 mb-3\">Contacto<\/div>\n<div class=\"estilo-h3 mb-4\">N\u00e3o deixe o seu projeto nas m\u00e3os de qualquer pessoa, <span class=\"color-verde\">contacte-nos<\/span><\/div>\n<\/div>\n<div class=\"forminator-ui forminator-custom-form forminator-custom-form-19247 forminator-design--default  forminator_ajax\" data-forminator-render=\"0\" data-form=\"forminator-module-19247\" data-uid=\"69d8c02c3a726\"><br\/><\/div><form\r\n\t\t\t\tid=\"forminator-module-19247\"\r\n\t\t\t\tclass=\"forminator-ui forminator-custom-form forminator-custom-form-19247 forminator-design--default  forminator_ajax\"\r\n\t\t\t\tmethod=\"post\"\r\n\t\t\t\tdata-forminator-render=\"0\"\r\n\t\t\t\tdata-form-id=\"19247\"\r\n\t\t\t\t\r\n\t\t\t\tdata-design=\"default\"\r\n\t\t\t\t\r\n\t\t\t\t\r\n\t\t\t\t\r\n\t\t\t\tdata-grid=\"open\"\r\n\t\t\t\t\r\n\t\t\t\t\r\n\t\t\t\tstyle=\"display: none;\"\r\n\t\t\t\t\r\n\t\t\t\tdata-uid=\"69d8c02c3a726\"\r\n\t\t\t><div role=\"alert\" aria-live=\"polite\" class=\"forminator-response-message forminator-error\" aria-hidden=\"true\"><\/div><div class=\"forminator-row\"><div id=\"text-1\" class=\"forminator-field-text forminator-col forminator-col-6  campo-nombre campo-form\"><div class=\"forminator-field\"><input type=\"text\" name=\"text-1\" value=\"\" placeholder=\"*Nome\" id=\"forminator-field-text-1_69d8c02c3a726\" class=\"forminator-input forminator-name--field\" data-required=\"1\" \/><\/div><\/div><div id=\"phone-1\" class=\"forminator-field-phone forminator-col forminator-col-6  campo-telefono campo-form\"><div class=\"forminator-field\"><input type=\"text\" name=\"phone-1\" value=\"\" placeholder=\"*Telefone\" id=\"forminator-field-phone-1_69d8c02c3a726\" class=\"forminator-input forminator-field--phone\" data-required=\"1\" aria-required=\"true\" autocomplete=\"off\" data-national_mode=\"enabled\" data-country=\"PT\" data-validation=\"standard\" \/><\/div><\/div><\/div><div class=\"forminator-row\"><div id=\"email-1\" class=\"forminator-field-email forminator-col forminator-col-12  campo-correo campo-form\"><div class=\"forminator-field\"><input type=\"email\" name=\"email-1\" value=\"\" placeholder=\"*Email\" id=\"forminator-field-email-1_69d8c02c3a726\" class=\"forminator-input forminator-email--field\" data-required=\"true\" aria-required=\"true\" \/><\/div><\/div><\/div><div class=\"forminator-row\"><div id=\"textarea-1\" class=\"forminator-field-textarea forminator-col forminator-col-12  campo-texto campo-form\"><div class=\"forminator-field\"><textarea name=\"textarea-1\" placeholder=\"Diga-nos a sua ideia\" id=\"forminator-field-textarea-1_69d8c02c3a726\" class=\"forminator-textarea\" rows=\"6\" style=\"min-height:140px;\" ><\/textarea><\/div><\/div><\/div><div class=\"forminator-row\"><div id=\"consent-1\" class=\"forminator-field-consent forminator-col forminator-col-12  check-contacto check-form\"><div class=\"forminator-field\"><div class=\"forminator-checkbox__wrapper\"><label for=\"forminator-field-consent-1_69d8c02c3a726\" id=\"forminator-field-consent-1_69d8c02c3a726__label\" class=\"forminator-checkbox forminator-consent\" style=\"margin: 0;\"><input type=\"checkbox\" name=\"consent-1\" id=\"forminator-field-consent-1_69d8c02c3a726\" value=\"checked\" aria-labelledby=\"forminator-field-consent-1_69d8c02c3a726-label\" aria-describedby=\"forminator-field-consent-1_69d8c02c3a726__description\" data-required=\"true\" aria-required=\"true\" \/><span class=\"forminator-checkbox-box\" aria-hidden=\"true\"><\/span><\/label><div id=\"forminator-field-consent-1_69d8c02c3a726__description\" class=\"forminator-checkbox__label forminator-consent__label\"><p style=\"font-size: 10px\">Li e entendi a  <a style=\"text-decoration: underline\" href=\"\/aviso-legal\" target=\"_blank\" rel=\"noopener\">pol\u00edtica de privacidade <\/a>e concordo em receber emails comerciais.<\/p><\/div><\/div><\/div><\/div><\/div><div class=\"forminator-row\"><div id=\"captcha-1\" class=\"forminator-field-captcha forminator-col forminator-col-12 \"><div class=\"forminator-g-recaptcha recaptcha-invisible\" data-theme=\"light\" data-badge=\"bottomright\" data-sitekey=\"6LcKkRYpAAAAACE0kfYjiKCvxO0t-e4dhO9bYAld\" data-size=\"invisible\"><\/div> <\/div><\/div><input type=\"hidden\" name=\"referer_url\" value=\"\" \/><div class=\"forminator-row forminator-row-last\"><div class=\"forminator-col\"><div class=\"forminator-field\"><button class=\"forminator-button forminator-button-submit boton-newsletter boton-form\">ENVIAR<\/button><\/div><\/div><\/div><input type=\"hidden\" id=\"forminator_nonce\" name=\"forminator_nonce\" value=\"e1b582e14b\" \/><input type=\"hidden\" name=\"_wp_http_referer\" value=\"\/pt\/wp-json\/wp\/v2\/pages\/18353\" \/><input type=\"hidden\" name=\"form_id\" value=\"19247\"><input type=\"hidden\" name=\"page_id\" value=\"18353\"><input type=\"hidden\" name=\"form_type\" value=\"default\"><input type=\"hidden\" name=\"current_url\" value=\"https:\/\/www.tilomotion.com\/pt\/o-que-sabemos\/\"><input type=\"hidden\" name=\"render_id\" value=\"0\"><input type=\"hidden\" name=\"action\" value=\"forminator_submit_form_custom-forms\"><label for=\"input_6\" class=\"forminator-hidden\" aria-hidden=\"true\">Please do not fill in this field. <input id=\"input_6\" type=\"text\" name=\"input_6\" value=\"\" autocomplete=\"off\"><\/label><\/form>[\/vc_column_text][\/vc_column][vc_column width=&#8221;1\/2&#8243; css=&#8221;.vc_custom_1642157142271{background-image: url(https:\/\/www.tilomotion.com\/wp-content\/uploads\/2021\/12\/contacto_raices_color.jpg?id=10211) !important;background-position: center !important;background-repeat: no-repeat !important;background-size: cover !important;}&#8221; el_class=&#8221;columna-imagen&#8211;ancho-completo solo_desktop columna-imagen-contacto&#8221;][\/vc_column][\/vc_row]<\/p>\n<\/div>","protected":false},"excerpt":{"rendered":"<p>[vc_row content_width=&#8221;grid&#8221; content_aligment=&#8221;center&#8221; el_class=&#8221;separacion-bottom separacion-top&#8221;][vc_column width=&#8221;1\/4&#8243;][\/vc_column][vc_column width=&#8221;1\/2&#8243;][vc_column_text] N\u00e3o sabemos tudo, mas h\u00e1 coisas em que somos muito bons Num mundo onde a maioria das empresas prop\u00f5e \u201ctudo\u201d, estamos especializados em propor o que fazemos melhor&#8230;.<\/p>\n","protected":false},"author":2,"featured_media":0,"parent":0,"menu_order":0,"comment_status":"closed","ping_status":"closed","template":"full-width.php","meta":{"footnotes":""},"class_list":["post-18353","page","type-page","status-publish","hentry"],"_links":{"self":[{"href":"https:\/\/www.tilomotion.com\/pt\/wp-json\/wp\/v2\/pages\/18353","targetHints":{"allow":["GET"]}}],"collection":[{"href":"https:\/\/www.tilomotion.com\/pt\/wp-json\/wp\/v2\/pages"}],"about":[{"href":"https:\/\/www.tilomotion.com\/pt\/wp-json\/wp\/v2\/types\/page"}],"author":[{"embeddable":true,"href":"https:\/\/www.tilomotion.com\/pt\/wp-json\/wp\/v2\/users\/2"}],"replies":[{"embeddable":true,"href":"https:\/\/www.tilomotion.com\/pt\/wp-json\/wp\/v2\/comments?post=18353"}],"version-history":[{"count":0,"href":"https:\/\/www.tilomotion.com\/pt\/wp-json\/wp\/v2\/pages\/18353\/revisions"}],"wp:attachment":[{"href":"https:\/\/www.tilomotion.com\/pt\/wp-json\/wp\/v2\/media?parent=18353"}],"curies":[{"name":"wp","href":"https:\/\/api.w.org\/{rel}","templated":true}]}}