{"id":20321,"date":"2019-08-10T17:27:42","date_gmt":"2019-08-10T16:27:42","guid":{"rendered":"https:\/\/www.tilomotion.com\/lo-que-sabemos\/"},"modified":"2026-04-17T09:31:02","modified_gmt":"2026-04-17T08:31:02","slug":"quello-che-sappiamo-fare","status":"publish","type":"page","link":"https:\/\/www.tilomotion.com\/it\/quello-che-sappiamo-fare\/","title":{"rendered":"Quello che sappiamo fare"},"content":{"rendered":"<div class=\"wpb-content-wrapper\"><p>[vc_row content_width=&#8221;grid&#8221; content_aligment=&#8221;center&#8221; el_class=&#8221;separacion-bottom separacion-top&#8221;][vc_column width=&#8221;1\/4&#8243;][\/vc_column][vc_column width=&#8221;1\/2&#8243;][vc_column_text]<\/p>\n<h2 class=\"text-center mb-3 estilo-h3\" style=\"text-align: center;\">Non sappiamo fare tutto, ma ci sono cose che sappiamo fare <span class=\"color-verde\">davvero bene <\/span><\/h2>\n<div class=\"text-center\" style=\"text-align: center;\">In un mondo in cui la maggior parte delle aziende offre \u201cun po\u2019 di tutto\u201d, noi abbiamo scelto di specializzarci in ci\u00f2 che sappiamo fare meglio. Lavoriamo con un approccio orientato a dare risposta alle esigenze del business nell\u2019area digitale, trasformandole in un\u2019esperienza capace di generare valore e far crescere ogni progetto.<\/div>\n<p>[\/vc_column_text][\/vc_column][vc_column width=&#8221;1\/4&#8243;][\/vc_column][\/vc_row][vc_row el_class=&#8221;row-loquesabemos&#8211;seccion&#8221;][vc_column width=&#8221;1\/2&#8243; css=&#8221;.vc_custom_1642157597054{background-image: url(https:\/\/www.tilomotion.com\/wp-content\/uploads\/2021\/12\/imagen-servicios-3-color-1.jpg?id=10227) !important;background-position: center !important;background-repeat: no-repeat !important;background-size: cover !important;}&#8221; el_class=&#8221;columna-imagen&#8211;ancho-completo solo_desktop columna-imagen-servicios-1&#8243;][\/vc_column][vc_column width=&#8221;1\/2&#8243; el_class=&#8221;columna-texto&#8211;ancho-ingrid columna-texto&#8211;ancho-ingrid&#8211;der pt-5&#8243;][vc_column_text]<\/p>\n<div class=\"text-left mb-4\"><img decoding=\"async\" src=\"\/wp-content\/themes\/any-child\/assets\/img\/servicios\/icono_servicios_web.svg\" \/><\/div>\n<p>[\/vc_column_text][vc_column_text]<\/p>\n<div class=\"text-left\">\n<h4>Sviluppo web ed e-commerce<\/h4>\n<div class=\"mt-3 color-gris-claro\">\n<p>Siamo specializzati nello sviluppo di progetti web e nella creazione di soluzioni e-commerce. Ci piace innovare e alzare continuamente il livello, per questo lavoriamo con le tecnologie pi\u00f9 avanzate.<\/p>\n<p>Fin dal primo momento, il nostro team ti accompagner\u00e0 nella definizione di un piano orientato ai tuoi obiettivi e alle tue esigenze. Il nostro lavoro consiste nel mettere a tua disposizione tutte le risorse necessarie per raggiungerli.<\/p>\n<\/div>\n<\/div>\n<p>[\/vc_column_text][vc_empty_space el_class=&#8221;solo_mobile&#8221;][\/vc_column][\/vc_row][vc_row el_class=&#8221;row-loquesabemos&#8211;seccion&#8221;][vc_column width=&#8221;1\/2&#8243; el_class=&#8221;columna-texto&#8211;ancho-ingrid columna-texto&#8211;ancho-ingrid&#8211;izq pt-5&#8243;][vc_column_text]<\/p>\n<div class=\"text-left mb-4\"><img decoding=\"async\" src=\"\/wp-content\/themes\/any-child\/assets\/img\/servicios\/icono_servicios_seo.svg\" \/><\/div>\n<p>[\/vc_column_text][vc_column_text]<\/p>\n<div class=\"text-left\">\n<h4>Ottimizzazione SEO e CRO<\/h4>\n<div class=\"mt-3 color-gris-claro\">\n<p>Possiamo avere il miglior sito web o e-commerce del mondo, ma se non genera traffico e non converte, non serve a nulla. Il posizionamento sui motori di ricerca e la capacit\u00e0 di trasformare le visite in risultati concreti sono obiettivi fondamentali per qualsiasi progetto web.<\/p>\n<\/div>\n<\/div>\n<p>[\/vc_column_text][vc_empty_space el_class=&#8221;solo_mobile&#8221;][\/vc_column][vc_column width=&#8221;1\/2&#8243; css=&#8221;.vc_custom_1642157584135{background-image: url(https:\/\/www.tilomotion.com\/wp-content\/uploads\/2021\/12\/imagen-servicios-5-color-1.jpg?id=10237) !important;background-position: center !important;background-repeat: no-repeat !important;background-size: cover !important;}&#8221; el_class=&#8221;columna-imagen&#8211;ancho-completo solo_desktop columna-imagen-servicios-2&#8243;][\/vc_column][\/vc_row][vc_row el_class=&#8221;row-loquesabemos&#8211;seccion&#8221;][vc_column width=&#8221;1\/2&#8243; css=&#8221;.vc_custom_1642157570082{background-image: url(https:\/\/www.tilomotion.com\/wp-content\/uploads\/2021\/12\/imagen-servicios-2-color-1.jpg?id=10225) !important;background-position: center !important;background-repeat: no-repeat !important;background-size: cover !important;}&#8221; el_class=&#8221;columna-imagen&#8211;ancho-completo solo_desktop columna-imagen-servicios-5&#8243;][\/vc_column][vc_column width=&#8221;1\/2&#8243; el_class=&#8221;columna-texto&#8211;ancho-ingrid columna-texto&#8211;ancho-ingrid&#8211;der pt-5&#8243;][vc_column_text]<\/p>\n<div class=\"text-left mb-4\"><img decoding=\"async\" src=\"\/wp-content\/themes\/any-child\/assets\/img\/servicios\/icon_paid media.svg\" \/><\/div>\n<p>[\/vc_column_text][vc_column_text]<\/p>\n<div class=\"text-left\">\n<h4>Paid Media: campagne di traffico<\/h4>\n<div class=\"mt-3 color-gris-claro\">\n<p>Google, Facebook, TikTok, LinkedIn&#8230; dove dovrei promuovere il mio prodotto o la mia azienda? Diventare i \u201cre\u201d dell\u2019audience non \u00e8 affatto semplice. Ti aiutiamo a definire la tua strategia media per raggiungere la massima visibilit\u00e0.<\/p>\n<p>La pubblicit\u00e0 online rappresenta una grande opportunit\u00e0 per raggiungere il pubblico che ci interessa, mostrargli contenuti in linea con i suoi interessi e riuscire a coinvolgerlo.<\/p>\n<\/div>\n<\/div>\n<p>[\/vc_column_text][vc_empty_space el_class=&#8221;solo_mobile&#8221;][\/vc_column][\/vc_row][vc_row el_class=&#8221;row-loquesabemos&#8211;seccion&#8221;][vc_column width=&#8221;1\/2&#8243; el_class=&#8221;columna-texto&#8211;ancho-ingrid columna-texto&#8211;ancho-ingrid&#8211;izq pt-5&#8243;][vc_column_text]<\/p>\n<div class=\"text-left mb-4\"><img decoding=\"async\" src=\"\/wp-content\/themes\/any-child\/assets\/img\/servicios\/icono_servicios_estrategia.svg\" \/><\/div>\n<p>[\/vc_column_text][vc_column_text]<\/p>\n<div class=\"text-left\">\n<h4>Strategia CRM<\/h4>\n<div class=\"mt-3 color-gris-claro\">Fare CRM Marketing non significa misurare \u201cchi apre le e-mail, chi arriva alla pagina e chi la manda nel cestino\u201d. Lavorare sul database attraverso una strategia di CRM Marketing diventa un\u2019opportunit\u00e0 per conoscere meglio i nostri utenti e offrire loro un valore distintivo, capace di trasformarli in qualcosa di pi\u00f9 dei semplici clienti: veri promotori del brand.<\/div>\n<\/div>\n<p>[\/vc_column_text][vc_empty_space el_class=&#8221;solo_mobile&#8221;][\/vc_column][vc_column width=&#8221;1\/2&#8243; css=&#8221;.vc_custom_1642157554619{background-image: url(https:\/\/www.tilomotion.com\/wp-content\/uploads\/2021\/12\/imagen-servicios-8-color.jpg?id=10235) !important;background-position: center !important;background-repeat: no-repeat !important;background-size: cover !important;}&#8221; el_class=&#8221;columna-imagen&#8211;ancho-completo solo_desktop columna-imagen-servicios-3&#8243;][\/vc_column][\/vc_row][vc_row el_class=&#8221;row-loquesabemos&#8211;seccion&#8221;][vc_column width=&#8221;1\/2&#8243; css=&#8221;.vc_custom_1642157542458{background-image: url(https:\/\/www.tilomotion.com\/wp-content\/uploads\/2021\/12\/imagen-servicios-4-color-1.jpg?id=10229) !important;background-position: center !important;background-repeat: no-repeat !important;background-size: cover !important;}&#8221; el_class=&#8221;columna-imagen&#8211;ancho-completo solo_desktop columna-imagen-servicios-4&#8243;][\/vc_column][vc_column width=&#8221;1\/2&#8243; el_class=&#8221;columna-texto&#8211;ancho-ingrid columna-texto&#8211;ancho-ingrid&#8211;der pt-5&#8243;][vc_column_text]<\/p>\n<div class=\"text-left mb-4\"><img decoding=\"async\" src=\"\/wp-content\/themes\/any-child\/assets\/img\/servicios\/icono_servicios_mkt.svg\" \/><\/div>\n<p>[\/vc_column_text][vc_column_text]<\/p>\n<div class=\"text-left\">\n<h4>Comunicazione e marketing online<\/h4>\n<div class=\"mt-3 color-gris-claro\">\n<p>Cerchiamo soluzioni creative che colleghino il tuo business alle persone. I social media, l\u2019e-mail o una campagna sono solo gli strumenti: ci\u00f2 che conta davvero \u00e8 il messaggio e, molto spesso, ci\u00f2 che funziona meglio \u00e8 la semplicit\u00e0.<\/p>\n<\/div>\n<\/div>\n<p>[\/vc_column_text][vc_empty_space el_class=&#8221;solo_mobile&#8221;][\/vc_column][\/vc_row][vc_row el_class=&#8221;row-loquesabemos&#8211;seccion&#8221;][vc_column width=&#8221;1\/2&#8243; el_class=&#8221;columna-texto&#8211;ancho-ingrid columna-texto&#8211;ancho-ingrid&#8211;izq pt-5&#8243;][vc_column_text]<\/p>\n<div class=\"text-left mb-4\"><img decoding=\"async\" src=\"\/wp-content\/themes\/any-child\/assets\/img\/servicios\/icono_servicios_consultoria.svg\" \/><\/div>\n<p>[\/vc_column_text][vc_column_text]<\/p>\n<div class=\"text-left\">\n<h4>Consulenza digitale specializzata<\/h4>\n<div class=\"mt-3 color-gris-claro\">La gestione strategica del progetto \u00e8 uno degli aspetti chiave per raggiungere il successo, garantire uno sviluppo ottimale e favorirne la crescita. Per questo realizziamo un\u2019analisi strategica e ti accompagniamo fin dall\u2019inizio, cos\u00ec da poter definire insieme l\u2019intero journey, tutte le sue fasi e le soluzioni da implementare.<\/div>\n<\/div>\n<p>[\/vc_column_text][vc_empty_space el_class=&#8221;solo_mobile&#8221;][\/vc_column][vc_column width=&#8221;1\/2&#8243; css=&#8221;.vc_custom_1642157527470{background-image: url(https:\/\/www.tilomotion.com\/wp-content\/uploads\/2021\/12\/imagen-servicios-1-color-1.jpg?id=10223) !important;background-position: center !important;background-repeat: no-repeat !important;background-size: cover !important;}&#8221; el_class=&#8221;columna-imagen&#8211;ancho-completo solo_desktop columna-imagen-servicios-6&#8243;][\/vc_column][\/vc_row][vc_row el_class=&#8221;row-loquesabemos&#8211;seccion&#8221;][vc_column width=&#8221;1\/2&#8243; css=&#8221;.vc_custom_1642157513050{background-image: url(https:\/\/www.tilomotion.com\/wp-content\/uploads\/2021\/12\/imagen-servicios-6-color.jpg?id=10231) !important;background-position: center !important;background-repeat: no-repeat !important;background-size: cover !important;}&#8221; el_class=&#8221;columna-imagen&#8211;ancho-completo solo_desktop columna-imagen-servicios-7&#8243;][\/vc_column][vc_column width=&#8221;1\/2&#8243; el_class=&#8221;columna-texto&#8211;ancho-ingrid columna-texto&#8211;ancho-ingrid&#8211;der pt-5&#8243;][vc_column_text]<\/p>\n<div class=\"text-left mb-4\"><img decoding=\"async\" src=\"\/wp-content\/themes\/any-child\/assets\/img\/servicios\/productos-especializados.svg\" \/><\/div>\n<p>[\/vc_column_text][vc_column_text]<\/p>\n<div class=\"text-left\">\n<h4>Prodotti specializzati<\/h4>\n<div class=\"mt-3 color-gris-claro\">Lavoriamo da oltre 15 anni per offrire soluzioni concrete al settore automotive, aiutando brand e concessionarie nel loro percorso di digitalizzazione. Tutta questa esperienza, unita al lavoro svolto nel tempo, si \u00e8 tradotta in un insieme di strumenti che permettono di gestire e controllare tutti i processi di vendita e marketing di una concessionaria nell\u2019ambiente digitale.<\/div>\n<\/div>\n<p>[\/vc_column_text][\/vc_column][\/vc_row][vc_row css=&#8221;.vc_custom_1644829027434{margin-top: 75px !important;margin-bottom: 55px !important;}&#8221;][vc_column width=&#8221;1\/2&#8243; el_class=&#8221;columna-texto&#8211;ancho-ingrid columna-texto&#8211;ancho-ingrid&#8211;izq pt-5&#8243;][vc_column_text]<\/p>\n<div class=\"text-left\">\n<div class=\"estilo-h5 mb-3\">Contattaci<\/div>\n<div class=\"estilo-h3 mb-4\">Non lasciare il tuo progetto nelle mani di chiunque, <span class=\"color-verde\">scrivici<\/span><\/div>\n<\/div>\n<div class=\"forminator-ui forminator-custom-form forminator-custom-form-9942 forminator-design--default  forminator_ajax\" data-forminator-render=\"0\" data-form=\"forminator-module-9942\" data-uid=\"69eb4a75c76e8\"><br\/><\/div><form\r\n\t\t\t\tid=\"forminator-module-9942\"\r\n\t\t\t\tclass=\"forminator-ui forminator-custom-form forminator-custom-form-9942 forminator-design--default  forminator_ajax\"\r\n\t\t\t\tmethod=\"post\"\r\n\t\t\t\tdata-forminator-render=\"0\"\r\n\t\t\t\tdata-form-id=\"9942\"\r\n\t\t\t\t\r\n\t\t\t\tdata-design=\"default\"\r\n\t\t\t\t\r\n\t\t\t\t\r\n\t\t\t\t\r\n\t\t\t\tdata-grid=\"open\"\r\n\t\t\t\t\r\n\t\t\t\t\r\n\t\t\t\tstyle=\"display: none;\"\r\n\t\t\t\t\r\n\t\t\t\tdata-uid=\"69eb4a75c76e8\"\r\n\t\t\t><div role=\"alert\" aria-live=\"polite\" class=\"forminator-response-message forminator-error\" aria-hidden=\"true\"><\/div><div class=\"forminator-row\"><div id=\"text-1\" class=\"forminator-field-text forminator-col forminator-col-6  campo-nombre campo-form\"><div class=\"forminator-field\"><input type=\"text\" name=\"text-1\" value=\"\" placeholder=\"*Nombre\" id=\"forminator-field-text-1_69eb4a75c76e8\" class=\"forminator-input forminator-name--field\" data-required=\"1\" \/><\/div><\/div><div id=\"phone-1\" class=\"forminator-field-phone forminator-col forminator-col-6  campo-telefono campo-form\"><div class=\"forminator-field\"><input type=\"text\" name=\"phone-1\" value=\"\" placeholder=\"*Tel\u00e9fono\" id=\"forminator-field-phone-1_69eb4a75c76e8\" class=\"forminator-input forminator-field--phone\" data-required=\"1\" aria-required=\"true\" autocomplete=\"off\" data-national_mode=\"enabled\" data-country=\"ES\" data-validation=\"standard\" \/><\/div><\/div><\/div><div class=\"forminator-row\"><div id=\"email-1\" class=\"forminator-field-email forminator-col forminator-col-12  campo-correo campo-form\"><div class=\"forminator-field\"><input type=\"email\" name=\"email-1\" value=\"\" placeholder=\"*Email\" id=\"forminator-field-email-1_69eb4a75c76e8\" class=\"forminator-input forminator-email--field\" data-required=\"true\" aria-required=\"true\" \/><\/div><\/div><\/div><div class=\"forminator-row\"><div id=\"textarea-1\" class=\"forminator-field-textarea forminator-col forminator-col-12  campo-texto campo-form\"><div class=\"forminator-field\"><textarea name=\"textarea-1\" placeholder=\"Cu\u00e9ntanos tu idea\" id=\"forminator-field-textarea-1_69eb4a75c76e8\" class=\"forminator-textarea\" rows=\"6\" style=\"min-height:140px;\" ><\/textarea><\/div><\/div><\/div><div class=\"forminator-row\"><div id=\"consent-1\" class=\"forminator-field-consent forminator-col forminator-col-12  check-contacto check-form\"><div class=\"forminator-field\"><div class=\"forminator-checkbox__wrapper\"><label for=\"forminator-field-consent-1_69eb4a75c76e8\" id=\"forminator-field-consent-1_69eb4a75c76e8__label\" class=\"forminator-checkbox forminator-consent\" style=\"margin: 0;\"><input type=\"checkbox\" name=\"consent-1\" id=\"forminator-field-consent-1_69eb4a75c76e8\" value=\"checked\" aria-labelledby=\"forminator-field-consent-1_69eb4a75c76e8-label\" aria-describedby=\"forminator-field-consent-1_69eb4a75c76e8__description\" data-required=\"true\" aria-required=\"true\" \/><span class=\"forminator-checkbox-box\" aria-hidden=\"true\"><\/span><\/label><div id=\"forminator-field-consent-1_69eb4a75c76e8__description\" class=\"forminator-checkbox__label forminator-consent__label\"><p style=\"font-size: 10px\">He le\u00eddo y entiendo la <a style=\"text-decoration: underline\" href=\"\/aviso-legal\" target=\"_blank\" rel=\"noopener\">pol\u00edtica de privacidad<\/a> y acepto recibir emails comerciales.<\/p><\/div><\/div><\/div><\/div><\/div><div class=\"forminator-row\"><div id=\"captcha-1\" class=\"forminator-field-captcha forminator-col forminator-col-12 \"><div class=\"forminator-g-recaptcha recaptcha-invisible\" data-theme=\"light\" data-badge=\"bottomright\" data-sitekey=\"6LcKkRYpAAAAACE0kfYjiKCvxO0t-e4dhO9bYAld\" data-size=\"invisible\"><\/div> <\/div><\/div><input type=\"hidden\" name=\"referer_url\" value=\"\" \/><div class=\"forminator-row forminator-row-last\"><div class=\"forminator-col\"><div class=\"forminator-field\"><button class=\"forminator-button forminator-button-submit boton-newsletter boton-form\">ENVIAR<\/button><\/div><\/div><\/div><input type=\"hidden\" id=\"forminator_nonce\" name=\"forminator_nonce\" value=\"06aa305c0c\" \/><input type=\"hidden\" name=\"_wp_http_referer\" value=\"\/it\/wp-json\/wp\/v2\/pages\/20321\" \/><input type=\"hidden\" name=\"form_id\" value=\"9942\"><input type=\"hidden\" name=\"page_id\" value=\"20321\"><input type=\"hidden\" name=\"form_type\" value=\"default\"><input type=\"hidden\" name=\"current_url\" value=\"https:\/\/www.tilomotion.com\/it\/quello-che-sappiamo-fare\/\"><input type=\"hidden\" name=\"render_id\" value=\"0\"><input type=\"hidden\" name=\"action\" value=\"forminator_submit_form_custom-forms\"><label for=\"input_6\" class=\"forminator-hidden\" aria-hidden=\"true\">Please do not fill in this field. <input id=\"input_6\" type=\"text\" name=\"input_6\" value=\"\" autocomplete=\"off\"><\/label><\/form>[\/vc_column_text][\/vc_column][vc_column width=&#8221;1\/2&#8243; css=&#8221;.vc_custom_1642157142271{background-image: url(https:\/\/www.tilomotion.com\/wp-content\/uploads\/2021\/12\/contacto_raices_color.jpg?id=10211) !important;background-position: center !important;background-repeat: no-repeat !important;background-size: cover !important;}&#8221; el_class=&#8221;columna-imagen&#8211;ancho-completo solo_desktop columna-imagen-contacto&#8221;][\/vc_column][\/vc_row]<\/p>\n<\/div>","protected":false},"excerpt":{"rendered":"<p>[vc_row content_width=&#8221;grid&#8221; content_aligment=&#8221;center&#8221; el_class=&#8221;separacion-bottom separacion-top&#8221;][vc_column width=&#8221;1\/4&#8243;][\/vc_column][vc_column width=&#8221;1\/2&#8243;][vc_column_text] Non sappiamo fare tutto, ma ci sono cose che sappiamo fare davvero bene In un mondo in cui la maggior parte delle aziende offre \u201cun po\u2019 di tutto\u201d,&#8230;<\/p>\n","protected":false},"author":2,"featured_media":0,"parent":0,"menu_order":0,"comment_status":"closed","ping_status":"closed","template":"full-width.php","meta":{"footnotes":""},"class_list":["post-20321","page","type-page","status-publish","hentry"],"_links":{"self":[{"href":"https:\/\/www.tilomotion.com\/it\/wp-json\/wp\/v2\/pages\/20321","targetHints":{"allow":["GET"]}}],"collection":[{"href":"https:\/\/www.tilomotion.com\/it\/wp-json\/wp\/v2\/pages"}],"about":[{"href":"https:\/\/www.tilomotion.com\/it\/wp-json\/wp\/v2\/types\/page"}],"author":[{"embeddable":true,"href":"https:\/\/www.tilomotion.com\/it\/wp-json\/wp\/v2\/users\/2"}],"replies":[{"embeddable":true,"href":"https:\/\/www.tilomotion.com\/it\/wp-json\/wp\/v2\/comments?post=20321"}],"version-history":[{"count":0,"href":"https:\/\/www.tilomotion.com\/it\/wp-json\/wp\/v2\/pages\/20321\/revisions"}],"wp:attachment":[{"href":"https:\/\/www.tilomotion.com\/it\/wp-json\/wp\/v2\/media?parent=20321"}],"curies":[{"name":"wp","href":"https:\/\/api.w.org\/{rel}","templated":true}]}}