{"id":20303,"date":"2013-09-30T16:22:59","date_gmt":"2013-09-30T15:22:59","guid":{"rendered":"https:\/\/www.tilomotion.com\/error_404\/"},"modified":"2026-04-27T09:21:54","modified_gmt":"2026-04-27T08:21:54","slug":"error_404","status":"publish","type":"page","link":"https:\/\/www.tilomotion.com\/it\/error_404\/","title":{"rendered":"Error 404"},"content":{"rendered":"<h1>\u00a1Oh, no!&#8230;<br \/>\n<a>Errore 404<\/a><\/h1>\n<h2>P\u00e1gina no encontrada<\/h2>\n<p><strong><br \/>\nHa surgido un problema con la visualizaci\u00f3n de la p\u00e1gina a la que intentas acceder.<br \/>\nPuede que la URL est\u00e9 mal escrita&#8230; \u00bfqu\u00e9 deseas hacer?<\/strong><\/p>\n<ul>\n<li><a href=\"\/\">Ir a nuestra p\u00e1gina de inicio<\/a><\/li>\n<li><a href=\"\/#raices\">Saber m\u00e1s de Tilo Motion<\/a><\/li>\n<li><a href=\"\/blog\/category\/blog\/\">Buscar en las entradas del Blog<\/a><\/li>\n<li><a href=\"\/#contacto\">Contacta con nosotros<\/a><\/li>\n<\/ul>\n","protected":false},"excerpt":{"rendered":"<p>\u00a1Oh, no!&#8230; Errore 404 P\u00e1gina no encontrada Ha surgido un problema con la visualizaci\u00f3n de la p\u00e1gina a la que intentas acceder. Puede que la URL est\u00e9 mal escrita&#8230; \u00bfqu\u00e9 deseas hacer? Ir a nuestra&#8230;<\/p>\n","protected":false},"author":2,"featured_media":0,"parent":0,"menu_order":0,"comment_status":"closed","ping_status":"closed","template":"","meta":{"footnotes":""},"class_list":["post-20303","page","type-page","status-publish","hentry"],"_links":{"self":[{"href":"https:\/\/www.tilomotion.com\/it\/wp-json\/wp\/v2\/pages\/20303","targetHints":{"allow":["GET"]}}],"collection":[{"href":"https:\/\/www.tilomotion.com\/it\/wp-json\/wp\/v2\/pages"}],"about":[{"href":"https:\/\/www.tilomotion.com\/it\/wp-json\/wp\/v2\/types\/page"}],"author":[{"embeddable":true,"href":"https:\/\/www.tilomotion.com\/it\/wp-json\/wp\/v2\/users\/2"}],"replies":[{"embeddable":true,"href":"https:\/\/www.tilomotion.com\/it\/wp-json\/wp\/v2\/comments?post=20303"}],"version-history":[{"count":0,"href":"https:\/\/www.tilomotion.com\/it\/wp-json\/wp\/v2\/pages\/20303\/revisions"}],"wp:attachment":[{"href":"https:\/\/www.tilomotion.com\/it\/wp-json\/wp\/v2\/media?parent=20303"}],"curies":[{"name":"wp","href":"https:\/\/api.w.org\/{rel}","templated":true}]}}