{"id":19586,"date":"2022-02-28T09:56:47","date_gmt":"2022-02-28T08:56:47","guid":{"rendered":"https:\/\/www.tilomotion.com\/aviso-legal\/"},"modified":"2022-02-28T11:10:24","modified_gmt":"2022-02-28T10:10:24","slug":"aviso-legal","status":"publish","type":"page","link":"https:\/\/www.tilomotion.com\/en\/aviso-legal\/","title":{"rendered":"Terms and conditions ok"},"content":{"rendered":"<div class=\"wpb-content-wrapper\"><p>[vc_row][vc_column][vc_column_text]<\/p>\n<p>[\/vc_column_text][vc_column_text]<\/p>\n<p class=\"p1\"><span class=\"s1\">Informaci\u00f3n obligatoria del titular de la p\u00e1gina web:<\/span><\/p>\n<ul class=\"ul1\">\n<li class=\"li2\"><span class=\"s1\">TILO MOTION SL<\/span><\/li>\n<li class=\"li2\"><span class=\"s1\">Paseo de la Castellana, 179 &#8211; 2A1<\/span><\/li>\n<li class=\"li2\"><span class=\"s1\">28046 Madrid<\/span><\/li>\n<li class=\"li2\"><span class=\"s1\">CIF \u2013 B85181626<\/span><\/li>\n<li class=\"li2\"><span class=\"s1\">Inscrita en el Registro Mercantil de MADRID, TOMO 24.620 &#8211; LIBRO: 0 &#8211; FOLIO: <\/span><span class=\"s1\">74 &#8211; SECCION: 8<\/span><\/li>\n<li class=\"li2\"><span class=\"s1\">Tel: +34 91 571 51 35<\/span><\/li>\n<li class=\"li2\"><span class=\"s1\">E-mail: info@tilomotion.com<\/span><\/li>\n<\/ul>\n<p class=\"p1\"><span class=\"s1\">\u00a0<\/span><\/p>\n<p class=\"p3\"><span class=\"s1\"><b>INTRODUCCI\u00d3N<\/b><\/span><\/p>\n<p class=\"p1\"><span class=\"s1\">El presente Aviso Legal regula el uso de la p\u00e1gina web www.tilomotion.es (en adelante, la P\u00e1gina Web o la Web, o la P\u00e1gina) titularidad de TILO MOTION, SL (en adelante, TILO MOTION o el Titular), con CIF \u2013 B85181626 y domicilio social en la Paseo de la Castellana, 179 &#8211; 2A1 (28046 Madrid), debidamente inscrita en el Registro Mercantil de Madrid, Tomo 24.620 Libro 0 Folio 74 Secci\u00f3n 8<\/span><\/p>\n<p class=\"p1\"><span class=\"s1\">El acceso a la p\u00e1gina web es gratuito salvo en lo relativo al coste de la conexi\u00f3n a trav\u00e9s de la red de telecomunicaciones suministrada por el proveedor de acceso contratado por los usuarios.<\/span><\/p>\n<p class=\"p1\"><span class=\"s1\">\u00a0<\/span><\/p>\n<p class=\"p1\"><span class=\"s1\">\u00a0<\/span><\/p>\n<p class=\"p3\"><span class=\"s1\"><b>ACEPTACI\u00d3N<\/b><\/span><\/p>\n<p class=\"p1\"><span class=\"s1\">La utilizaci\u00f3n de esta P\u00e1gina Web atribuye la condici\u00f3n de usuario e implica la aceptaci\u00f3n de todas las condiciones y t\u00e9rminos de uso incluidos en el presente Aviso Legal. Se recomienda a los Usuarios leer atentamente este Aviso Legal de forma peri\u00f3dica, ya que las condiciones de uso de la misma, recogidas en el mencionado Aviso, pueden sufrir modificaciones.<\/span><\/p>\n<p class=\"p1\"><span class=\"s1\">Algunos servicios accesibles para los usuarios a trav\u00e9s de la P\u00e1gina Web pueden estar sometidos a condiciones particulares que, en su caso, sustituir\u00e1n, completar\u00e1n y\/o modificar\u00e1n el presente Aviso Legal y que deber\u00e1n ser aceptadas por el usuario antes de iniciar la prestaci\u00f3n del servicio correspondiente.<\/span><\/p>\n<p class=\"p1\"><span class=\"s1\">TILO MOTION se reserva la facultad de modificar unilateralmente las condiciones y t\u00e9rminos de uso de esta Web. Cualquier cambio en este sentido se publicar\u00e1 de forma visible en la P\u00e1gina Web de manera que pueda ser conocido por el usuario antes de la visita a la p\u00e1gina.<\/span><\/p>\n<p class=\"p1\"><span class=\"s1\">\u00a0<\/span><\/p>\n<p class=\"p1\"><span class=\"s1\">\u00a0<\/span><\/p>\n<p class=\"p3\"><span class=\"s1\"><b>NAVEGACI\u00d3N, ACCESO Y SEGURIDAD<\/b><\/span><\/p>\n<p class=\"p1\"><span class=\"s1\">El acceso y navegaci\u00f3n en la Web supone aceptar y conocer las advertencias legales, condiciones y t\u00e9rminos de uso contenidas en ella. TILO MOTION realiza los m\u00e1ximos esfuerzos para que la navegaci\u00f3n se realice en las mejores condiciones y evitar los perjuicios de cualquier tipo que pudiesen ocasionarse durante la misma.<\/span><\/p>\n<p class=\"p1\"><span class=\"s1\">Esta Web ha sido dise\u00f1ado para soportar los navegadores Internet Explorer 8, Google Crome, Firefox, y Safari.<\/span><\/p>\n<p class=\"p1\"><span class=\"s1\">El Titular no se hace responsable de los perjuicios, de cualquier \u00edndole, que pudieran ocasionarse a los Usuarios por la utilizaci\u00f3n de otros navegadores o versiones distintas de los navegadores para los que ha sido dise\u00f1ada la P\u00e1gina Web.<\/span><\/p>\n<p class=\"p1\"><span class=\"s1\">El acceso a la Web se realiza en un entorno no seguro, por lo que la informaci\u00f3n se transmite de forma no cifrada.<\/span><\/p>\n<p class=\"p1\"><span class=\"s1\">\u00a0<\/span><\/p>\n<p class=\"p1\"><span class=\"s1\">\u00a0<\/span><\/p>\n<p class=\"p3\"><span class=\"s1\"><b>OBLIGACIONES DEL USUARIO<\/b><\/span><\/p>\n<ul class=\"ul1\">\n<li class=\"li1\"><b><\/b><span class=\"s1\"><b>Obligaci\u00f3n de hacer un uso correcto de la P\u00e1gina Web<\/b><br \/>\nLas condiciones de acceso y uso de esta P\u00e1gina Web est\u00e1n supeditadas a la legalidad vigente y a los principios de buena fe y uso l\u00edcito por parte del usuario de la misma quedando prohibido, con car\u00e1cter general, cualquier tipo de actuaci\u00f3n en perjuicio de TILO MOTION y contraria al presente Aviso Legal.<br \/>\nEl usuario se compromete a utilizar este servicio sin incurrir en actividades que puedan ser consideradas il\u00edcitas o ilegales, que infrinjan los derechos de TILO MOTION o de terceros, o que puedan da\u00f1ar, inutilizar, sobrecargar o deteriorar la P\u00e1gina Web o impedir la normal utilizaci\u00f3n de la misma por parte de otros usuarios.<br \/>\n<\/span><\/li>\n<li class=\"li1\"><b><\/b><span class=\"s1\"><b>Solicitud de contenidos<\/b><br \/>\nEl Usuario deber\u00e1 abstenerse de realizar solicitudes de contenidos ofrecidos a trav\u00e9s de esta Web utilizando medios o procedimientos distintos de los que se hayan puesto a su disposici\u00f3n, distintos de los que se hayan indicado en la P\u00e1gina Web o distintos de los que se empleen habitualmente en Internet y siempre que los mismos no entra\u00f1en un riesgo de inutilizaci\u00f3n de la P\u00e1gina Web y sus contenidos.<br \/>\n<\/span><\/li>\n<li class=\"li2\"><b><\/b><span class=\"s1\"><b>Prohibiciones<\/b>Queda prohibido el uso de esta Web con fines ilegales o no autorizados, en concreto y sin car\u00e1cter taxativo:<\/span>\n<ul class=\"ul2\">\n<li class=\"li2\"><span class=\"s1\">1) Cualquier forma de violaci\u00f3n de los derechos de terceros (derecho a la intimidad, derecho a la propia imagen, derechos de propiedad intelectual e industrial, etc.)2) Realizar, usando los contenidos de esta Web, cualquier tipo de publicidad como env\u00edo de correos electr\u00f3nicos no solicitados (spam) o comunicaci\u00f3n similar.3) Introducir virus inform\u00e1ticos, archivos defectuosos o cualquier otro software o programa inform\u00e1tico que pueda provocar da\u00f1os o alteraciones no autorizadas de los contenidos o sistemas accesibles a trav\u00e9s de esta P\u00e1gina Web.<\/span><\/li>\n<\/ul>\n<\/li>\n<li class=\"li1\"><span class=\"s1\">\u00a0<\/span><\/li>\n<\/ul>\n<p class=\"p1\"><span class=\"s1\">\u00a0<\/span><\/p>\n<p class=\"p3\"><span class=\"s1\"><b>ACTUALIDAD<\/b><\/span><\/p>\n<p class=\"p1\"><span class=\"s1\">La informaci\u00f3n que aparece en la Web es la vigente en la fecha de su \u00faltima actualizaci\u00f3n. El Titular se reserva el derecho a actualizar, modificar o eliminar la informaci\u00f3n contenida en la misma.<\/span><\/p>\n<p class=\"p1\"><span class=\"s1\">\u00a0<\/span><\/p>\n<p class=\"p1\"><span class=\"s1\">\u00a0<\/span><\/p>\n<p class=\"p3\"><span class=\"s1\"><b>PROPIEDAD INTELECTUAL<\/b><\/span><\/p>\n<p class=\"p1\"><span class=\"s1\">Toda la informaci\u00f3n contenida en la P\u00e1gina Web, as\u00ed como su dise\u00f1o gr\u00e1fico y los c\u00f3digos utilizados, est\u00e1n protegidos por derechos de autor u otros derechos de protecci\u00f3n recogidos en el Real Decreto Legislativo 1\/1996, de 12 de abril, por el que se aprueba el Texto Refundido de la Ley de Propiedad Intelectual. Estos derechos pertenecen exclusivamente a TILO MOTION, o a sus licenciantes, por lo tanto, queda expresamente excluido cualquier acto de reproducci\u00f3n, distribuci\u00f3n, transformaci\u00f3n o comunicaci\u00f3n p\u00fablica, as\u00ed como cualquier tipo de cesi\u00f3n, del todo o parte del contenido de este sitio, y en general de cualquier objeto que seg\u00fan la legislaci\u00f3n vigente sea protegible por las normas de propiedad intelectual.<\/span><\/p>\n<p class=\"p1\"><span class=\"s1\">Todo el contenido de la Web y todo el contenido disponible a trav\u00e9s de los productos y servicios del Titular incluyendo dise\u00f1os, texto, gr\u00e1ficos, im\u00e1genes, v\u00eddeo, informaci\u00f3n, aplicaciones, software, m\u00fasica, sonido y otros archivos, as\u00ed como su selecci\u00f3n y disposici\u00f3n (el &#8220;Contenido\u201d) son propiedad exclusiva del Titular o de sus licenciantes, con todos los derechos reservados. Ninguna parte del Contenido del Web podr\u00e1 ser modificada, copiada, distribuida, enmarcada, reproducida, republicada, descargada, extra\u00edda, mostrada, publicada, transmitida o vendida en modo alguno o por ning\u00fan medio, total o parcialmente, sin el previo consentimiento por escrito del Titular. Siempre que el usuario est\u00e9 legitimado para usar la Web, el Titular otorga una licencia limitada para usar y acceder a la Web y al Contenido de la Web y para descargar leg\u00edtimamente y s\u00f3lo para uso personal y no comercial, el contenido del mismo, siempre y cuando se mantengan intactas todas las advertencias sobre derechos de autor y propiedad intelectual. No se podr\u00e1 cargar o republicar Contenido de la Web en ning\u00fan sitio de Internet, Intranet o Extranet ni integrar la informaci\u00f3n en bases de datos o compilaci\u00f3n. Cualquier otro uso del Contenido de la Web queda estrictamente prohibido.<\/span><\/p>\n<p class=\"p1\"><span class=\"s1\">El contenido de esta P\u00e1gina no debe ser utilizado para difusi\u00f3n p\u00fablica o con fines comerciales, y no debe ser modificado sin el previo consentimiento escrito del Titular.<\/span><\/p>\n<p class=\"p1\"><span class=\"s1\">\u00a0<\/span><\/p>\n<p class=\"p1\"><span class=\"s1\">\u00a0<\/span><\/p>\n<p class=\"p3\"><span class=\"s1\"><b>MARCAS REGISTRADAS<\/b><\/span><\/p>\n<p class=\"p1\"><span class=\"s1\">Todas las marcas, logotipos y anagramas mostrados en este sitio son propiedad de TILO MOTION o de terceras empresas. Queda expresamente prohibida la utilizaci\u00f3n, sin previo consentimiento, de cualquier elemento de esta P\u00e1gina que sea objeto de protecci\u00f3n de acuerdo con la legislaci\u00f3n vigente relativa a propiedad industrial. Especialmente, no podr\u00e1n utilizarse marcas, nombres comerciales, r\u00f3tulos de establecimientos, denominaciones, logotipos, esl\u00f3ganes o cualquier tipo de signo distintivo perteneciente al Titular.<\/span><\/p>\n<p class=\"p1\"><span class=\"s1\">\u00a0<\/span><\/p>\n<p class=\"p1\"><span class=\"s1\">\u00a0<\/span><\/p>\n<p class=\"p3\"><span class=\"s1\"><b>POL\u00cdTICA DE PRIVACIDAD<\/b><\/span><\/p>\n<p class=\"p1\"><span class=\"s1\">El Titular garantiza la confidencialidad y seguridad de los datos proporcionados por los Usuarios. Cuando sean requeridos datos personales, el usuario los incorporar\u00e1 voluntariamente, y ser\u00e1 debidamente informado de la identidad del recabante, las finalidades de la recabaci\u00f3n, as\u00ed como de la posibilidad y procedimiento para ejercer los derechos de acceso, rectificaci\u00f3n, cancelaci\u00f3n y oposici\u00f3n (derechos ARCO).<\/span><\/p>\n<p class=\"p1\"><span class=\"s1\">TILO MOTION, se compromete a recabar los datos que sean estrictamente necesarios para llevar a cabo el servicio demandado. Se le informar\u00e1 en su caso de la obligatoriedad de facilitar determinados datos, sin los cuales no ser\u00eda posible llevar a cabo la prestaci\u00f3n.<\/span><\/p>\n<p class=\"p1\"><span class=\"s1\">El Usuario garantiza que los datos personales facilitados son veraces y se hace responsable de comunicar a TILO MOTION, cualquier modificaci\u00f3n de los mismos. El Usuario responder\u00e1, en cualquier caso, de la veracidad de los datos facilitados, reserv\u00e1ndose TILO MOTION, el derecho a excluir de los servicios registrados a todo Usuario que haya facilitado datos falsos, sin perjuicio de la dem\u00e1s acciones que procedan en Derecho.<\/span><\/p>\n<p class=\"p1\"><span class=\"s1\">Se recomienda tener la m\u00e1xima diligencia en materia de Protecci\u00f3n de Datos mediante la utilizaci\u00f3n de herramientas de seguridad, no pudi\u00e9ndose responsabilizar a TILO MOTION, de sustracciones, modificaciones o p\u00e9rdidas de datos il\u00edcitas.<\/span><\/p>\n<p class=\"p1\"><span class=\"s1\">TILO MOTION mantiene los niveles de seguridad de protecci\u00f3n de datos personales conforme a la LOPD y al Real Decreto 1720\/2007, de 21 de diciembre, por el que se aprueba el Reglamento de desarrollo de la LOPD que contengan datos de car\u00e1cter personal y ha establecido todos los medios t\u00e9cnicos a su alcance para evitar la p\u00e9rdida, mal uso, alteraci\u00f3n, acceso no autorizado y robo de los datos que el usuario facilite a trav\u00e9s de la P\u00e1gina Web, sin perjuicio de informarle de que las medidas de seguridad en Internet no son inexpugnables.<\/span><\/p>\n<p class=\"p1\"><span class=\"s1\">TILO MOTION se compromete a cumplir con el deber de secreto y confidencialidad respecto de los datos personales contenidos en el fichero automatizado de acuerdo con la legislaci\u00f3n aplicable, as\u00ed como a conferirles un tratamiento seguro en las cesiones que, en su caso, puedan producirse.<\/span><\/p>\n<p class=\"p1\"><span class=\"s1\">Si tiene alguna pregunta sobre esta Pol\u00edtica de Privacidad, rogamos que se ponga en contacto con nosotros enviando un email a info@leadcars.es<\/span><\/p>\n<p class=\"p1\"><span class=\"s1\">\u00a0<\/span><\/p>\n<p class=\"p1\"><span class=\"s1\">\u00a0<\/span><\/p>\n<p class=\"p3\"><span class=\"s1\"><b>COOKIES<\/b><\/span><\/p>\n<p class=\"p1\"><span class=\"s1\">Cualquier informaci\u00f3n relativa a las cookies empleadas en este website, as\u00ed como las opciones para su modificaci\u00f3n o desinstalaci\u00f3n est\u00e1n disponibles a trav\u00e9s del canal.<\/span><\/p>\n<p class=\"p1\"><span class=\"s1\">\u00a0<\/span><\/p>\n<p class=\"p1\"><span class=\"s1\">\u00a0<\/span><\/p>\n<p class=\"p3\"><span class=\"s1\"><b>POL\u00cdTICA DE COOKIES<\/b><\/span><\/p>\n<p class=\"p1\"><span class=\"s1\">TILO MOTION podr\u00e1 utilizar cookies durante el acceso a esta p\u00e1gina web. Las cookies son procedimientos autom\u00e1ticos de recogida de informaci\u00f3n relativa a las preferencias determinadas por un usuario durante su visita a una determinada p\u00e1gina web. Esta informaci\u00f3n se registra en peque\u00f1os archivos que son guardados en los equipos inform\u00e1ticos del usuario correspondiente de forma imperceptible. Cada vez que el usuario vuelva a acceder a la p\u00e1gina web en cuesti\u00f3n estos archivos se activan autom\u00e1ticamente de manera que se configura la p\u00e1gina con las preferencias se\u00f1aladas en anteriores visitas. En definitiva, las cookies son ficheros f\u00edsicos de informaci\u00f3n personal alojados en el propio terminal del usuario y asociados inequ\u00edvocamente a este terminal. Las cookies no pueden leer los archivos cookie creados por otros sitios web.<\/span><\/p>\n<p class=\"p1\"><span class=\"s1\">El usuario tiene la posibilidad de configurar su navegador de manera que se impida la creaci\u00f3n de archivos cookie o se advierta del momento en que esto ocurre. La P\u00e1gina Web es accesible sin necesidad de que est\u00e9n activadas las opciones referentes a los archivos cookie, si bien puede impedir el correcto funcionamiento de mecanismos de seguridad para servicios exclusivos o determinados servicios que requieren de una mayor seguridad. Por norma general, la finalidad de los archivos cookie de esta p\u00e1gina web es la de facilitar la navegaci\u00f3n del usuario.<\/span><\/p>\n<p class=\"p1\"><span class=\"s1\">\u00a0<\/span><\/p>\n<p class=\"p1\"><span class=\"s1\">\u00a0<\/span><\/p>\n<p class=\"p3\"><span class=\"s1\"><b>HIPERENLACES<\/b><\/span><\/p>\n<p class=\"p1\"><span class=\"s1\">El usuario que quiera introducir enlaces desde sus propias p\u00e1ginas web a la de TILO MOTION deber\u00e1 cumplir con las condiciones que se detallan a continuaci\u00f3n sin que el desconocimiento de las mismas evite las responsabilidades derivadas de la Ley:<\/span><\/p>\n<ol class=\"ol1\">\n<li class=\"li2\"><span class=\"s1\">El enlace \u00fanicamente vincular\u00e1 con la home page o p\u00e1gina principal pero no podr\u00e1 reproducirla de ninguna forma (inline links, copia de los textos, gr\u00e1ficos, etc.).<\/span><\/li>\n<li class=\"li2\"><span class=\"s1\">Quedar\u00e1 en todo caso prohibido, de acuerdo con la legislaci\u00f3n aplicable y vigente en cada momento, establecer frames o marcos de cualquier tipo que envuelvan a esta P\u00e1gina o permitan la visualizaci\u00f3n de los contenidos a trav\u00e9s de direcciones de Internet distintas a las de la misma y, en cualquier caso, cuando se visualicen conjuntamente con contenidos ajenos a ella de forma que: (I) produzca, o pueda producir, error, confusi\u00f3n o enga\u00f1o en los usuarios sobre la verdadera procedencia del servicio o contenidos; (II) suponga un acto de comparaci\u00f3n o imitaci\u00f3n desleal; (III) sirva para aprovechar la reputaci\u00f3n de la marca y prestigio de TILO MOTION; o (IV) de cualquier otra forma resulte prohibido por la legislaci\u00f3n vigente.<\/span><\/li>\n<li class=\"li2\"><span class=\"s1\">No se realizar\u00e1n desde la p\u00e1gina que introduce el enlace ning\u00fan tipo de manifestaci\u00f3n falsa, inexacta o incorrecta sobre TILO MOTION , sus empleados o sobre las actividades que desarrolla.<\/span><\/li>\n<li class=\"li2\"><span class=\"s1\">En ning\u00fan caso, se expresar\u00e1 en la p\u00e1gina donde se ubique el enlace que TILO MOTION ha prestado su consentimiento para la inserci\u00f3n del mismo o que, de otra forma, patrocina, colabora, verifica o supervisa los servicios del remitente.<\/span><\/li>\n<li class=\"li2\"><span class=\"s1\">Est\u00e1 prohibida la utilizaci\u00f3n de cualquier marca denominativa, gr\u00e1fica o mixta o cualquier otro distintivo de TILO MOTION dentro de la p\u00e1gina del remitente salvo en los casos permitidos por la Ley o expresamente autorizados por TILO MOTION y siempre que se permita, en estos casos, un enlace directo con la p\u00e1gina web de TILO MOTION en la forma establecida en esta cl\u00e1usula.<\/span><\/li>\n<li class=\"li2\"><span class=\"s1\">La p\u00e1gina que establezca el enlace deber\u00e1 cumplir fielmente con la Ley y no podr\u00e1 en ning\u00fan caso disponer o enlazar con contenidos propios o de terceros que: (i) sean il\u00edcitos, nocivos o contrarios a la moral y a las buenas costumbres (pornogr\u00e1ficos, violentos, racistas, etc.); (ii)induzcan o puedan inducir en el Usuario la falsa concepci\u00f3n de que TILO MOTION suscribe, respalda, se adhiere o de cualquier manera apoya, las ideas, manifestaciones o expresiones, l\u00edcitas o il\u00edcitas, del remitente; (iii) resulten inapropiados o no pertinentes con la actividad de TILO MOTION en atenci\u00f3n al lugar, contenidos y tem\u00e1tica de la p\u00e1gina web del remitente.<\/span><\/li>\n<\/ol>\n<p class=\"p1\"><span class=\"s1\">En cualquier caso, TILO MOTION se reserva el derecho a prohibir los enlaces a su P\u00e1gina Web y a exigir su retirada cuando \u00e9stos no cumplan las condiciones exigidas en este apartado.<\/span><\/p>\n<p class=\"p1\"><span class=\"s1\">\u00a0<\/span><\/p>\n<p class=\"p3\"><span class=\"s1\"><b>RESPONSABILIDAD<\/b><\/span><\/p>\n<p class=\"p1\"><span class=\"s1\">El usuario ser\u00e1 el \u00fanico responsable de las infracciones en que pueda incurrir o de los perjuicios que se puedan causar a terceros por la indebida o ileg\u00edtima utilizaci\u00f3n de la P\u00e1gina Web.<\/span><\/p>\n<p class=\"p1\"><span class=\"s1\">TILO MOTION no ser\u00e1 responsable de los posibles da\u00f1os o perjuicios que se pudieran derivar de interferencias, omisiones, interrupciones, virus inform\u00e1ticos, aver\u00edas telef\u00f3nicas o desconexiones en el funcionamiento operativo de los sistemas electr\u00f3nicos o inform\u00e1ticos, motivadas por causas ajenas a la empresa, de los retrasos o bloqueos en el uso de dichos sistemas causados por deficiencias o sobrecargas de l\u00edneas telef\u00f3nicas, sobrecargas en el sistema de Internet o en otros sistemas electr\u00f3nicos.<\/span><\/p>\n<p class=\"p1\"><span class=\"s1\">TILO MOTION no garantiza la veracidad ni se responsabiliza de las consecuencias que pudieran derivarse de los errores en los contenidos proporcionados por terceros que pudieran aparecer en esta P\u00e1gina Web.<\/span><\/p>\n<p class=\"p1\"><span class=\"s1\">Del mismo modo, TILO MOTION tampoco se responsabiliza de los contenidos, productos o servicios que puedan visualizarse mediante enlaces electr\u00f3nicos (links), directa o indirectamente, a trav\u00e9s de la Web, salvo en aquellos supuestos previstos en el art\u00edculo 17 de la Ley 34\/2002, de 12 de julio, de Servicios de la Sociedad de la Informaci\u00f3n y Comercio Electr\u00f3nico (LSSI). En caso de que un usuario considere que existe un sitio enlazado con contenidos il\u00edcitos o inadecuados deber\u00e1 ponerlos en conocimiento de TILO MOTION siguiendo el procedimiento establecido en el apartado 9 de este Aviso Legal.<\/span><\/p>\n<p class=\"p1\"><span class=\"s1\">Los enlaces no representan necesariamente la existencia de relaci\u00f3n entre TILO MOTION y los particulares y entidades titulares de las p\u00e1ginas a las que dan acceso ni la recomendaci\u00f3n, promoci\u00f3n o identificaci\u00f3n de TILO MOTION con las manifestaciones, contenidos o servicios facilitados a trav\u00e9s de ellas. TILO MOTION se reserva el derecho a retirar de modo unilateral y en cualquier momento los links que aparecen en su P\u00e1gina Web.<\/span><\/p>\n<p class=\"p1\"><span class=\"s1\">TILO MOTION no conoce los contenidos y servicios de los sitios enlazados y, por tanto, no se hace responsable por los da\u00f1os producidos por la ilicitud, calidad, desactualizaci\u00f3n, indisponibilidad, error e inutilidad de los mismos ni por cualquier otro da\u00f1o que no sea directamente imputable a ella.<\/span><\/p>\n<p class=\"p1\"><span class=\"s1\">TILO MOTION se exime de responsabilidad en cuanto a las &#8220;cookies&#8221; que terceros ajenos pudieran instalar en el disco duro del ordenador del usuario.<\/span><\/p>\n<p class=\"p1\"><span class=\"s1\">\u00a0<\/span><\/p>\n<p class=\"p1\"><span class=\"s1\">\u00a0<\/span><\/p>\n<p class=\"p3\"><span class=\"s1\"><b>COMUNICACIONES<\/b><\/span><\/p>\n<p class=\"p1\"><span class=\"s1\">Para cualquier comunicaci\u00f3n que fuera preciso efectuar deber\u00e1n de enviar un correo electr\u00f3nico a info@tilomotion.com o enviar una comunicaci\u00f3n escrita a TILO MOTION, SL. Paseo de la Castellana, 179 &#8211; 2A1. 28046 Madrid.<\/span><\/p>\n<p class=\"p1\"><span class=\"s1\">El usuario acepta expresamente la utilizaci\u00f3n de correo electr\u00f3nico como procedimiento v\u00e1lido para la remisi\u00f3n de comunicaciones.<\/span><\/p>\n<p class=\"p1\"><span class=\"s1\">\u00a0<\/span><\/p>\n<p class=\"p1\"><span class=\"s1\">\u00a0<\/span><\/p>\n<p class=\"p3\"><span class=\"s1\"><b>JURISDICCI\u00d3N Y LEGISLACI\u00d3N APLICABLE<\/b><\/span><\/p>\n<p class=\"p1\"><span class=\"s1\">Los t\u00e9rminos y condiciones que rigen esta P\u00e1gina Web y todas las relaciones que pudieran derivarse se encuentran salvaguardados por la legislaci\u00f3n espa\u00f1ola. Cualquier controversia que pudiera derivarse del acceso o la utilizaci\u00f3n de esta Web ser\u00e1 de competencia de los Tribunales que correspondan seg\u00fan la ley.<\/span><\/p>\n<p>[\/vc_column_text][\/vc_column][\/vc_row][vc_row][vc_column][\/vc_column][\/vc_row]<\/p>\n<\/div>","protected":false},"excerpt":{"rendered":"<p>[vc_row][vc_column][vc_column_text] [\/vc_column_text][vc_column_text] Informaci\u00f3n obligatoria del titular de la p\u00e1gina web: TILO MOTION SL Paseo de la Castellana, 179 &#8211; 2A1 28046 Madrid CIF \u2013 B85181626 Inscrita en el Registro Mercantil de MADRID, TOMO 24.620 &#8211;&#8230;<\/p>\n","protected":false},"author":109,"featured_media":0,"parent":0,"menu_order":0,"comment_status":"closed","ping_status":"closed","template":"","meta":{"footnotes":""},"class_list":["post-19586","page","type-page","status-publish","hentry"],"_links":{"self":[{"href":"https:\/\/www.tilomotion.com\/en\/wp-json\/wp\/v2\/pages\/19586","targetHints":{"allow":["GET"]}}],"collection":[{"href":"https:\/\/www.tilomotion.com\/en\/wp-json\/wp\/v2\/pages"}],"about":[{"href":"https:\/\/www.tilomotion.com\/en\/wp-json\/wp\/v2\/types\/page"}],"author":[{"embeddable":true,"href":"https:\/\/www.tilomotion.com\/en\/wp-json\/wp\/v2\/users\/109"}],"replies":[{"embeddable":true,"href":"https:\/\/www.tilomotion.com\/en\/wp-json\/wp\/v2\/comments?post=19586"}],"version-history":[{"count":0,"href":"https:\/\/www.tilomotion.com\/en\/wp-json\/wp\/v2\/pages\/19586\/revisions"}],"wp:attachment":[{"href":"https:\/\/www.tilomotion.com\/en\/wp-json\/wp\/v2\/media?parent=19586"}],"curies":[{"name":"wp","href":"https:\/\/api.w.org\/{rel}","templated":true}]}}