{"id":19452,"date":"2022-02-01T11:23:47","date_gmt":"2022-02-01T10:23:47","guid":{"rendered":"https:\/\/www.tilomotion.com\/politica-privacidad\/"},"modified":"2022-02-01T11:46:36","modified_gmt":"2022-02-01T10:46:36","slug":"privacy-policy","status":"publish","type":"page","link":"https:\/\/www.tilomotion.com\/en\/privacy-policy\/","title":{"rendered":"Privacy Policy"},"content":{"rendered":"<p class=\"p1\"><span class=\"s1\"><b>POL\u00cdTICA DE PROTECCI\u00d3N DE DATOS<\/b><\/span><\/p>\n<p class=\"p2\"><span class=\"s1\">El presente documento tiene por objeto establecer la Pol\u00edtica de Privacidad de esta p\u00e1gina Web (en adelante, el \u201cSitio Web\u201d).<\/span><\/p>\n<p class=\"p2\"><span class=\"s1\">Al acceder y utilizar el Sitio Web estar\u00e1 consintiendo de forma expresa el tratamiento de sus datos con respecto a esta pol\u00edtica, aunque lo hace de forma revocable y sin efectos retroactivos. Su acceso a este Sitio Web est\u00e1, por consiguiente, subordinado a esta pol\u00edtica, as\u00ed como toda la legislaci\u00f3n aplicable a la que se hace referencia en este apartado, as\u00ed como en el Aviso Legal.<\/span><\/p>\n<p class=\"p2\"><span class=\"s1\">Con car\u00e1cter general, queda absolutamente prohibido facilitar datos personales de los menores de 16 a\u00f1os sin el consentimiento de las personas que ejerzan la patria potestad o tutores legales.<\/span><\/p>\n<p class=\"p2\"><span class=\"s1\">En virtud del art\u00edculo 26 del RGPD \u201ccorresponsables de tratamiento\u201d, le informamos qu\u00e9 TILO MOTION SL (en adelante TILO MOTION), tiene definidas las funciones respectivas en el cumplimiento de las obligaciones impuestas por el RGPD:<\/span><\/p>\n<p class=\"p2\"><span class=\"s1\"><b>RESPONSABLE DEL TRATAMIENTO<\/b><\/span><\/p>\n<ul class=\"ul1\">\n<li class=\"li3\"><b><\/b><span class=\"s1\"><b>Tilo Motion S.L.<\/b><\/span><\/li>\n<li class=\"li3\"><span class=\"s1\">Paseo de la Castellana 179, 2\u00ba A1, Madrid<\/span><\/li>\n<li class=\"li3\"><span class=\"s1\">Inscrita en el Registro Mercantil de MADRID, TOMO: 24.620 &#8211; LIBRO: 0 &#8211; FOLIO: 74 &#8211; SECCION: 8<\/span><\/li>\n<li class=\"li3\"><span class=\"s1\">CIF: B-85181626<\/span><\/li>\n<li class=\"li3\"><span class=\"s1\">Tel\u00e9fono: +34 91 571 51 35<\/span><\/li>\n<li class=\"li3\"><span class=\"s1\">Direcci\u00f3n de correo electr\u00f3nico: info@tilomotion.com<\/span><\/li>\n<\/ul>\n<p>&nbsp;<\/p>\n<p class=\"p2\"><span class=\"s1\">\u00a0<\/span><\/p>\n<p class=\"p1\"><span class=\"s1\"><b>\u00bfCON QU\u00c9 FINALIDAD TRATAMOS SUS DATOS PERSONALES?<\/b><\/span><\/p>\n<p class=\"p2\"><span class=\"s1\">Nuestro Sitio Web es mantenido y actualizado con la m\u00e1xima responsabilidad por parte de Tilo Motion. Si sus datos nos fuesen proporcionados para recibir informaciones o mensajes sobre nuevos productos o servicios, utilizaremos esos datos s\u00f3lo para ese mismo fin.<\/span><\/p>\n<p class=\"p2\"><span class=\"s1\">De conformidad con lo dispuesto en la normativa vigente, Reglamento (UE) 2016\/679, del Parlamento Europeo y del Consejo, de 27 de abril de 2016, relativo a la protecci\u00f3n de las personas f\u00edsicas en lo que respecta al tratamiento de datos personales y a la libre circulaci\u00f3n de estos datos (en adelante, \u201cRGPD\u201d), Tilo Motion le informa que los datos personales que Vd. nos facilita, as\u00ed como aquellos otros que nos facilite durante la relaci\u00f3n negocial\/contractual, ser\u00e1n tratados con la finalidad de (i) realizar una correcta gesti\u00f3n de la relaci\u00f3n, as\u00ed como la gesti\u00f3n administrativa, econ\u00f3mica y comercial, (ii) atender sus consultas y solicitudes, (iii) realizar un control de calidad sobre nuestros productos y servicios, (iv) remitirle comunicaciones personales y obsequios dirigidos a nuestros clientes, (v) realizaci\u00f3n de encuestas de opini\u00f3n y fines estad\u00edsticos, ya para informarle peri\u00f3dicamente de novedades, productos y servicios tanto por medios escritos como electr\u00f3nicos, (vi) cumplimiento de normativas en materia de prevenci\u00f3n de blanqueo de capitales y financiaci\u00f3n del terrorismo.<\/span><\/p>\n<p class=\"p2\"><span class=\"s1\">Con el fin de poder ofrecerle informaci\u00f3n adecuada a sus intereses, Tilo Motion podr\u00e1 elaborar un perfil individualizado, basado en procedimientos automatizados sobre su comportamiento y preferencias, cuyo resultado tiene la finalidad de remitirle informaci\u00f3n comercial sobre productos y servicios relacionados con el sector de la automoci\u00f3n.<\/span><\/p>\n<p class=\"p2\"><span class=\"s1\">Con car\u00e1cter general no se utilizar\u00e1n los datos recibidos para ninguna finalidad que no sea atender su solicitud, prestarle una atenci\u00f3n personalizada o enviarle informaci\u00f3n, en caso de aceptaci\u00f3n expresa, sobre productos o servicios de Tilo Motion, filiales y participadas relacionadas con el sector de la automoci\u00f3n y movilidad.<\/span><\/p>\n<p class=\"p2\"><span class=\"s1\">\u00a0<\/span><\/p>\n<p class=\"p2\"><span class=\"s1\">\u00a0<\/span><\/p>\n<p class=\"p1\"><span class=\"s1\"><b>\u00bfC\u00d3MO RECOGEMOS SUS DATOS?<\/b><\/span><\/p>\n<p class=\"p2\"><span class=\"s1\">Siempre recogemos sus datos mediante su consentimiento expreso y puede ser a trav\u00e9s de diferentes modos, como:<\/span><\/p>\n<ul class=\"ul1\">\n<li class=\"li3\"><span class=\"s1\">Cuanto usted contacta directamente con Tilo Motion, por ejemplo, a trav\u00e9s de la web o a trav\u00e9s de las diferentes l\u00edneas de atenci\u00f3n telef\u00f3nica a clientes, con el motivo de solicitar informaci\u00f3n sobre nuestros productos y servicios.<\/span><\/li>\n<li class=\"li3\"><span class=\"s1\">Cuando usted pide informaci\u00f3n o compra con Tilo Motion un producto o servicio.<\/span><\/li>\n<li class=\"li3\"><span class=\"s1\">Cuando usted participa en nuestras campa\u00f1as de marketing, a trav\u00e9s de la web o f\u00edsicamente, eventos, presentaciones de veh\u00edculos, participando en alguna promoci\u00f3n, sorteos.<\/span><\/li>\n<\/ul>\n<p class=\"p2\"><span class=\"s1\">\u00a0<\/span><\/p>\n<p class=\"p2\"><span class=\"s1\">En los diferentes formularios que hay en nuestra web, pueden existir finalidades diferentes que procedemos a desarrollar a continuaci\u00f3n:<\/span><\/p>\n<ul class=\"ul1\">\n<li class=\"li3\"><b><\/b><span class=\"s1\"><b>CHAT:<\/b> sus datos de contacto ser\u00e1n tratados con la finalidad de gestionar la informaci\u00f3n por usted solicitada.<\/span><\/li>\n<li class=\"li3\"><b><\/b><span class=\"s1\"><b>PETICIONES TELEF\u00d3NICAS:<\/b> sus datos de contacto ser\u00e1n tratados con la finalidad de gestionar la informaci\u00f3n por usted solicitada.<\/span><\/li>\n<li class=\"li3\"><b><\/b><span class=\"s1\"><b>FINALIDADES COMERCIALES:<\/b> en caso de que usted de forma expresa nos lo autorice, sus datos ser\u00e1n tratados con la finalidad de remitirles informaci\u00f3n y publicidad, incluso por v\u00eda electr\u00f3nica, sobre ofertas, productos, recomendaciones, servicios, promociones, obsequios y campa\u00f1as de fidelizaci\u00f3n, sobr\u00e9 productos y servicios de Tilo Motion, filiales y participadas.<\/span><\/li>\n<\/ul>\n<p class=\"p2\"><span class=\"s1\">\u00a0<\/span><\/p>\n<p class=\"p2\"><span class=\"s1\">En tal caso, su informaci\u00f3n se mantendr\u00e1 en nuestro sistema mientras usted no solicite la revocaci\u00f3n de su consentimiento.<\/span><\/p>\n<ul class=\"ul1\">\n<li class=\"li3\"><b><\/b><span class=\"s1\"><b>EJERCICIO DE DERECHOS:<\/b> el tratamiento de sus datos se har\u00e1 con la finalidad de gestionar su solicitud para el ejercicio de los derechos.<\/span><\/li>\n<\/ul>\n<p class=\"p2\"><span class=\"s1\">\u00a0<\/span><\/p>\n<p class=\"p2\"><span class=\"s1\">Usted podr\u00e1 retirar su consentimiento en cualquier, si bien incluso si retira su consentimiento, es posible que todav\u00eda tengamos el derecho u obligaci\u00f3n bajo la legislaci\u00f3n aplicable de recabar, usar, transferir o comunicar su informaci\u00f3n personal. Adem\u00e1s, le informamos que es posible que debamos conservar cierta informaci\u00f3n para fines de mantenimiento de registros y\/o para completar cualquier transacci\u00f3n que haya iniciado antes de solicitar un cambio o eliminaci\u00f3n.<\/span><\/p>\n<p class=\"p2\"><span class=\"s1\">Le informamos que los consentimientos por usted otorgados tienen car\u00e1cter completamente revocable. Dicha revocaci\u00f3n la puede realizar en cualquier momento, bien mediante el env\u00edo de un correo electr\u00f3nico al Delegado de Protecci\u00f3n de Datos, tal y como figura al inicio del presente documento o revoc\u00e1ndolo de forma directa en las diferentes comunicaciones que le remitamos. Igualmente, le informamos que dicha revocaci\u00f3n no tiene efectos retroactivos surtiendo efectos desde el momento de solicitud de la misma.<\/span><\/p>\n<p class=\"p2\"><span class=\"s1\">\u00a0<\/span><\/p>\n<p class=\"p2\"><span class=\"s1\">\u00a0<\/span><\/p>\n<p class=\"p1\"><span class=\"s1\"><b>PERIODO DE CONSERVACI\u00d3N DE SUS DATOS:<\/b><\/span><\/p>\n<p class=\"p2\"><span class=\"s1\">Le informamos que conservaremos su informaci\u00f3n personal por el periodo necesario para cumplir con los prop\u00f3sitos descritos en esta pol\u00edtica de privacidad, a menos que legalmente se permita o requiera un periodo de retenci\u00f3n m\u00e1s largo.<\/span><\/p>\n<p class=\"p2\"><span class=\"s1\">Los datos personales proporcionados durante la relaci\u00f3n negocial, se conservar\u00e1n durante los dos a\u00f1os siguientes a la fecha en que obtuvimos por \u00faltima vez su autorizaci\u00f3n, mientras se mantenga la misma, mientras no se oponga al tratamiento o no solicite su supresi\u00f3n.<\/span><\/p>\n<p class=\"p2\"><span class=\"s1\">Los datos personales proporcionados durante la relaci\u00f3n contractual, se conservar\u00e1n durante los diez a\u00f1os siguientes, para poder atender a posibles consultas o reclamaciones posteriores, en los plazos establecidos por la legislaci\u00f3n vinculante como en materia de garant\u00edas e impuestos, mientras se mantenga la misma, mientras no se oponga al tratamiento o no solicite su supresi\u00f3n.<\/span><\/p>\n<p class=\"p2\"><span class=\"s1\">\u00a0<\/span><\/p>\n<p class=\"p2\"><span class=\"s1\">\u00a0<\/span><\/p>\n<p class=\"p1\"><span class=\"s1\"><b>LEGITIMACI\u00d3N:<\/b><\/span><\/p>\n<p class=\"p2\"><span class=\"s1\">El tratamiento de sus datos respecto a las finalidades anteriormente descritas, est\u00e1 permitido por RGPD de conformidad con las siguientes bases jur\u00eddicas:<\/span><\/p>\n<p class=\"p2\"><span class=\"s1\">La base legal para atender la relaci\u00f3n negocial, es la legitimaci\u00f3n por consentimiento expreso del Usuario; usted ha autorizado, a trav\u00e9s de un formulario automatizado y\/o papel, su consentimiento expreso para el tratamiento de sus datos con determinadas finalidades. Usted puede revocar el consentimiento prestado en todo momento.<\/span><\/p>\n<p class=\"p2\"><span class=\"s1\">La base legal para atender la relaci\u00f3n contractual, es la legitimaci\u00f3n por ejecuci\u00f3n de un contrato suscrito con usted.<\/span><\/p>\n<p class=\"p2\"><span class=\"s1\">Adem\u00e1s, en algunos casos ser\u00e1 necesario el tratamiento para el cumplimiento de las correspondientes obligaciones legales.<\/span><\/p>\n<p class=\"p2\"><span class=\"s1\">En ambos casos, para poder atender y gestionar correctamente su solicitud, el interesado est\u00e1 obligado a facilitar los datos personales, de lo contrario no podremos atender su solicitud.<\/span><\/p>\n<p class=\"p2\"><span class=\"s1\">El tratamiento posterior con fines comerciales se encuentra amparado en el consentimiento que le solicitamos en cada recogida de datos personales, sin que en ning\u00fan caso la retirada del consentimiento condicione la ejecuci\u00f3n de la relaci\u00f3n con Tilo Motion.<\/span><\/p>\n<p class=\"p2\"><span class=\"s1\">\u00a0<\/span><\/p>\n<p class=\"p2\"><span class=\"s1\">\u00a0<\/span><\/p>\n<p class=\"p1\"><span class=\"s1\"><b>DESTINATARIOS:<\/b><\/span><\/p>\n<p class=\"p2\"><span class=\"s1\">Tilo Motion no comunicar\u00e1 a ning\u00fan tercero, salvo que se informe de ello expresamente.<\/span><\/p>\n<p class=\"p2\"><span class=\"s1\">Durante el proceso de recogida de datos, y en cada lugar del Sitio Web en el que se soliciten dichos datos, usted ser\u00e1 informado, mediante la inclusi\u00f3n de las menciones oportunas en el propio formulario, del car\u00e1cter obligatorio o no de recogida de tales datos para informarle sobre el producto o servicio seleccionado, as\u00ed como de las consecuencias de la negativa a facilitarlos, excepto la realizaci\u00f3n de pedidos en cuyo caso Tilo Motion le informa desde este momento que no se considerar\u00e1 de car\u00e1cter voluntario, por lo que ser\u00e1 necesaria su inclusi\u00f3n para la formalizaci\u00f3n de la prestaci\u00f3n de los servicios, proporcionar los datos relativos a la identidad y datos de contacto, al ser estos datos necesarios para la formalizaci\u00f3n y prestaci\u00f3n del servicio solicitado por usted.<\/span><\/p>\n<p class=\"p2\"><span class=\"s1\">Usted garantiza que los datos personales facilitados a trav\u00e9s de los diferentes formularios de contacto y suscripci\u00f3n son veraces, quedando obligado a comunicar cualquier modificaci\u00f3n de los mismos. Igualmente, garantiza que toda la informaci\u00f3n facilitada corresponde con su situaci\u00f3n real, que est\u00e1 puesta al d\u00eda y es exacta.<\/span><\/p>\n<p class=\"p2\"><span class=\"s1\">\u00a0<\/span><\/p>\n<p class=\"p2\"><span class=\"s1\">\u00a0<\/span><\/p>\n<p class=\"p1\"><span class=\"s1\"><b>TRANSFERENCIAS INTERNACIONALES:<\/b><\/span><\/p>\n<p class=\"p2\"><span class=\"s1\">Le informamos que sus datos no se comunicar\u00e1n a entidades fuera del Espacio Econ\u00f3mico Europeo sin su consentimiento expreso, salvo en los casos en que una norma imperativa permita dicha comunicaci\u00f3n, en tales casos le informaremos siempre que sea posible de las finalidades de dicha comunicaci\u00f3n.<\/span><\/p>\n<p class=\"p2\"><span class=\"s1\">\u00a0<\/span><\/p>\n<p class=\"p2\"><span class=\"s1\">\u00a0<\/span><\/p>\n<p class=\"p1\"><span class=\"s1\"><b>CONFIDENCIALIDAD:<\/b><\/span><\/p>\n<p class=\"p2\"><span class=\"s1\">Tilo Motion se compromete a respetar su confidencialidad y a utilizarlos de acuerdo con la finalidad del fichero, as\u00ed como a dar cumplimiento a su obligaci\u00f3n de guardarlos y adaptar todas las medidas para evitar la alteraci\u00f3n, p\u00e9rdida, tratamiento o acceso no autorizado, de acuerdo con lo establecimiento en el RGPD.<\/span><\/p>\n<p class=\"p2\"><span class=\"s1\">\u00a0<\/span><\/p>\n<p class=\"p2\"><span class=\"s1\">\u00a0<\/span><\/p>\n<p class=\"p1\"><span class=\"s1\"><b>SEGURIDAD DE SUS DATOS PERSONALES:<\/b><\/span><\/p>\n<p class=\"p2\"><span class=\"s1\">Con el objetivo de salvaguardar la seguridad de sus datos personales, le informamos que hemos adoptado todas las medidas de \u00edndole t\u00e9cnica y organizativa necesarias para garantizar la seguridad de los datos personales suministrados de su alteraci\u00f3n, p\u00e9rdida, uso indebido, divulgaci\u00f3n, y tratamientos o accesos no autorizados, tal como exige la normativa de protecci\u00f3n de datos de car\u00e1cter personal. En este sentido, Tilo Motion garantiza la custodia de los datos objeto de tratamiento, para lo cual adoptar\u00e1 las medidas pertinentes con tales fines, siempre de conformidad con el estado de la tecnolog\u00eda en cada momento.<\/span><\/p>\n<p class=\"p2\"><span class=\"s1\">Nuestras medidas de seguridad son permanentemente actualizadas de acuerdo con el desarrollo tecnol\u00f3gico y obligaciones de la normativa en protecci\u00f3n de datos.<\/span><\/p>\n<p class=\"p2\"><span class=\"s1\">En el caso de que usted facilite datos de un tercero, por ejemplo, para informar a un conocido de la publicaci\u00f3n de un anuncio, o para recomendarle el Sitio Web o un art\u00edculo publicado en el mismo, se le informa que ser\u00e1 responsable de haber obtenido el consentimiento de la persona y de los datos de la misma que facilite a Tilo Motion.<\/span><\/p>\n<p class=\"p2\"><span class=\"s1\">Adem\u00e1s, en caso de que tenga preguntas acerca del tratamiento de sus datos personales, puede dirigirse a la entidad arriba descrita, en su calidad de Responsable, quien est\u00e1 a su disposici\u00f3n en caso de que necesite informaci\u00f3n adicional al tratamiento de sus datos personales, desee hacer sugerencias o plantear quejas.<\/span><\/p>\n<p class=\"p2\"><span class=\"s1\">Tilo Motion no se responsabiliza del tratamiento de sus datos personales de las p\u00e1ginas web que no est\u00e9n bajo el dominio de Tilo Motion, a las que pueda acceder a trav\u00e9s de los distintos links que contiene nuestro sitio Web, ni de las medidas de seguridad adoptadas por cualquier otra p\u00e1gina Web que permita un v\u00ednculo con la nuestra.<\/span><\/p>\n<p class=\"p2\"><span class=\"s1\">\u00a0<\/span><\/p>\n<p class=\"p2\"><span class=\"s1\">\u00a0<\/span><\/p>\n<p class=\"p1\"><span class=\"s1\"><b>\u00bfCU\u00c1LES SON SUS DERECHOS CUANDO NOS FACILITA SUS DATOS?<\/b><\/span><\/p>\n<ul class=\"ul1\">\n<li class=\"li3\"><span class=\"s1\">Usted tiene derecho a acceder a sus datos personales, as\u00ed como a solicitar la rectificaci\u00f3n de los datos inexactos o, en su caso, solicitar su supresi\u00f3n cuando, entre otros motivos, los datos ya no sean necesarios para los fines que fueron recogidos.<\/span><\/li>\n<li class=\"li3\"><span class=\"s1\">En determinadas circunstancias, usted podr\u00e1 solicitar la limitaci\u00f3n del tratamiento de sus datos, en cuyo caso \u00fanicamente los conservaremos para el ejercicio o la defensa de reclamaciones.<\/span><\/li>\n<li class=\"li3\"><span class=\"s1\">En determinadas circunstancias y por motivos relacionados con su situaci\u00f3n particular, usted podr\u00e1 oponerse al tratamiento de sus datos. Tilo Motion dejar\u00e1 de tratar los datos, salvo por motivos leg\u00edtimos imperiosos, o el ejercicio o la defensa de posibles reclamaciones.<\/span><\/li>\n<li class=\"li3\"><span class=\"s1\">Derecho a presentar una reclamaci\u00f3n ante la Autoridad de control (Agencia Espa\u00f1ola de Protecci\u00f3n de Datos) si considera que el tratamiento no se ajusta al RGPD.<\/span><\/li>\n<li class=\"li3\"><span class=\"s1\">Derecho a la portabilidad de sus datos personales.<\/span><\/li>\n<li class=\"li3\"><span class=\"s1\">Derecho a presentar una reclamaci\u00f3n ante la Autoridad de control (Agencia Espa\u00f1ola de Protecci\u00f3n de Datos) por el eventual incumplimiento de la normativa en materia de protecci\u00f3n de datos, cuya informaci\u00f3n se encuentra en este link: http:\/\/www.agpd.es\/portalwebAGPD\/index-ides-idphp.php.<\/span><\/li>\n<li class=\"li3\"><span class=\"s1\">El formulario puede remitirse por correo al Delegado de Protecci\u00f3n de Datos de Tilo Motion, en la direcci\u00f3n de email info@tilomotion.com<\/span><\/li>\n<li class=\"li3\"><span class=\"s1\">Para ejercer los derechos, debe verificar su identidad mediante el env\u00edo de su DNI u otro documento acreditativo legal como el pasaporte.<\/span><\/li>\n<\/ul>\n<p class=\"p2\"><span class=\"s1\">El ejercicio por su parte de estos derechos est\u00e1 sujeto a determinadas excepciones por motivos de inter\u00e9s general, como la prevenci\u00f3n o detecci\u00f3n de delitos o por nuestros propios intereses, como el mantenimiento de la confidencialidad del asesoramiento jur\u00eddico. Si usted ejerciera alguno de estos derechos, comprobaremos que est\u00e1 facultado realmente para ello, y le responderemos en un mes (seg\u00fan el RGPD), o en el plazo m\u00e1ximo previsto en la normativa espa\u00f1ola, si \u00e9ste fuera inferior.<\/span><\/p>\n<p class=\"p2\"><span class=\"s1\">\u00a0<\/span><\/p>\n<p class=\"p1\"><span class=\"s1\"><b>CAMBIOS EN LA PRESENTE POL\u00cdTICA DE PRIVACIDAD.<\/b><\/span><\/p>\n<p class=\"p2\"><span class=\"s1\">Tilo Motion puede modificar las presentes pol\u00edticas de privacidad para adaptarlas a las medidas legislativas o jurisprudenciales sobre datos personales que vayan apareciendo, por lo que exige su lectura, cada vez que nos facilite sus datos a trav\u00e9s de este sitio Web.<\/span><\/p>\n<p class=\"p2\"><span class=\"s1\">\u00a0<\/span><\/p>\n<p class=\"p4\"><span class=\"s1\">Tilo Motion<\/span><\/p>\n","protected":false},"excerpt":{"rendered":"<p>POL\u00cdTICA DE PROTECCI\u00d3N DE DATOS El presente documento tiene por objeto establecer la Pol\u00edtica de Privacidad de esta p\u00e1gina Web (en adelante, el \u201cSitio Web\u201d). Al acceder y utilizar el Sitio Web estar\u00e1 consintiendo de&#8230;<\/p>\n","protected":false},"author":109,"featured_media":0,"parent":0,"menu_order":0,"comment_status":"closed","ping_status":"closed","template":"","meta":{"footnotes":""},"class_list":["post-19452","page","type-page","status-publish","hentry"],"_links":{"self":[{"href":"https:\/\/www.tilomotion.com\/en\/wp-json\/wp\/v2\/pages\/19452","targetHints":{"allow":["GET"]}}],"collection":[{"href":"https:\/\/www.tilomotion.com\/en\/wp-json\/wp\/v2\/pages"}],"about":[{"href":"https:\/\/www.tilomotion.com\/en\/wp-json\/wp\/v2\/types\/page"}],"author":[{"embeddable":true,"href":"https:\/\/www.tilomotion.com\/en\/wp-json\/wp\/v2\/users\/109"}],"replies":[{"embeddable":true,"href":"https:\/\/www.tilomotion.com\/en\/wp-json\/wp\/v2\/comments?post=19452"}],"version-history":[{"count":0,"href":"https:\/\/www.tilomotion.com\/en\/wp-json\/wp\/v2\/pages\/19452\/revisions"}],"wp:attachment":[{"href":"https:\/\/www.tilomotion.com\/en\/wp-json\/wp\/v2\/media?parent=19452"}],"curies":[{"name":"wp","href":"https:\/\/api.w.org\/{rel}","templated":true}]}}