{"id":19251,"date":"2021-11-22T16:52:35","date_gmt":"2021-11-22T15:52:35","guid":{"rendered":"https:\/\/www.tilomotion.com\/nuestros-productos\/"},"modified":"2022-02-03T11:48:43","modified_gmt":"2022-02-03T10:48:43","slug":"our-products","status":"publish","type":"page","link":"https:\/\/www.tilomotion.com\/en\/our-products\/","title":{"rendered":"Our products"},"content":{"rendered":"<div class=\"wpb-content-wrapper\"><p>[vc_row content_width=&#8221;grid&#8221; content_aligment=&#8221;center&#8221; el_class=&#8221;separacion-bottom separacion-top&#8221;][vc_column width=&#8221;1\/4&#8243;][\/vc_column][vc_column width=&#8221;1\/2&#8243;][vc_column_text]<\/p>\n<h2 class=\"text-center mb-3 estilo-h3\"><span class=\"color-verde\">More than 15 years promoting the automotive industry <\/span> with our solutions<\/h2>\n<div class=\"text-center\">Big data, business intelligence, digital processes&#8230; The future of the automotive industry is exciting, and at TILO we provide <strong> tools that help dealers and OEMs <\/strong> to speed up their processes using the latest technologies. Meet them.<\/div>\n<p>[\/vc_column_text][\/vc_column][vc_column width=&#8221;1\/4&#8243;][\/vc_column][\/vc_row][vc_row content_width=&#8221;grid&#8221; el_class=&#8221;separacion-bottom&#8221;][vc_column width=&#8221;1\/2&#8243; el_class=&#8221;columna-texto&#8211;ancho-ingrid columna-texto&#8211;ancho-ingrid&#8211;izq pt-5&#8243;][vc_single_image image=&#8221;19252&#8243; img_size=&#8221;full&#8221; alignment=&#8221;center&#8221; el_class=&#8221;solo_mobile mb-3&#8243;][vc_column_text el_class=&#8221;mb-4&#8243;]<img decoding=\"async\" src=\"\/wp-content\/themes\/any-child\/assets\/img\/logo_mx.svg\" \/>[\/vc_column_text][vc_column_text]maxterauto\u00ae has been revolutionizing automotive software for <strong>more than 15 years,<\/strong> offering a CRM solution for dealers and OEMs that adapts to all needs: Used and New Car management, integrated with your OEM DMS\/CRM, and <strong>totally online.<\/strong> Built to respond to the new challenges of automotive business, maxterauto\u00ae offers a complete solution that covers all phases of the sales process from a single tool.[\/vc_column_text][vc_empty_space height=&#8221;45px&#8221;]<a href=\"https:\/\/www.maxterauto.com\/\" target=\"_blank\" style=\"color: #ffffff;background-color: #a2cd44;border: 1px solid #ffffff\" class=\"edgtf-btn edgtf-btn-medium edgtf-btn-solid edgtf-btn-custom-hover-bg edgtf-btn-custom-border-hover edgtf-btn-custom-hover-color\" data-hover-bg-color=\"#ffffff\" data-hover-color=\"#a2cd44\" data-hover-border-color=\"#a2cd44\" >\n    <span class=\"edgtf-btn-text\">Read more<\/span>\n    <\/a>[\/vc_column][vc_column width=&#8221;1\/2&#8243; el_class=&#8221;solo_desktop&#8221;][vc_single_image image=&#8221;19252&#8243; img_size=&#8221;full&#8221; alignment=&#8221;center&#8221;][\/vc_column][\/vc_row][vc_row content_width=&#8221;grid&#8221; el_class=&#8221;separacion-bottom&#8221;][vc_column width=&#8221;1\/2&#8243; el_class=&#8221;solo_desktop&#8221;][vc_single_image image=&#8221;9948&#8243; img_size=&#8221;full&#8221; alignment=&#8221;center&#8221;][\/vc_column][vc_column width=&#8221;1\/2&#8243; el_class=&#8221;columna-texto&#8211;ancho-ingrid columna-texto&#8211;ancho-ingrid&#8211;der pt-5&#8243;][vc_single_image image=&#8221;9948&#8243; img_size=&#8221;full&#8221; alignment=&#8221;center&#8221; el_class=&#8221;solo_mobile mb-3&#8243;][vc_column_text el_class=&#8221;mb-4&#8243;]<img decoding=\"async\" src=\"\/wp-content\/themes\/any-child\/assets\/img\/logo_lc.svg\" \/>[\/vc_column_text][vc_column_text]Handle online and offline business opportunities in the most efficient way with LeadCars, <strong>the lead manager 100% specialised for automotive business.<\/strong> Centralize ALL lead sources in a single tool, while generating automatic assignment processes by type and status, qualify through a chatbot contacts without human intervention and validate the GDPR online and instantly, connect with more than 3000 apps through Zapier, and much more\u2026[\/vc_column_text][vc_empty_space height=&#8221;45px&#8221;]<a href=\"https:\/\/www.leadcars.es\" target=\"_blank\" style=\"color: #ffffff;background-color: #a2cd44;border: 1px solid #ffffff\" class=\"edgtf-btn edgtf-btn-medium edgtf-btn-solid edgtf-btn-custom-hover-bg edgtf-btn-custom-border-hover edgtf-btn-custom-hover-color\" data-hover-bg-color=\"#ffffff\" data-hover-color=\"#a2cd44\" data-hover-border-color=\"#a2cd44\" >\n    <span class=\"edgtf-btn-text\">Read more<\/span>\n    <\/a>[\/vc_column][\/vc_row][vc_row disable_element=&#8221;yes&#8221; content_width=&#8221;grid&#8221;][vc_column width=&#8221;1\/2&#8243; el_class=&#8221;columna-texto&#8211;ancho-ingrid columna-texto&#8211;ancho-ingrid&#8211;izq pt-5&#8243;][vc_single_image image=&#8221;10032&#8243; img_size=&#8221;full&#8221; alignment=&#8221;center&#8221; el_class=&#8221;solo_mobile mb-3&#8243;][vc_column_text el_class=&#8221;mb-4&#8243;]<img decoding=\"async\" src=\"\/wp-content\/themes\/any-child\/assets\/img\/logo_ocs.svg\" \/>[\/vc_column_text][vc_column_text]Vende tu stock en internet de la forma m\u00e1s r\u00e1pida y eficaz con Online Car Store.<strong> Genera uno o varios microsites especializados en venta de veh\u00edculos<\/strong> de forma r\u00e1pida y econ\u00f3mica, y permite a tus clientes reservar coches autom\u00e1ticamente con su tarjeta de cr\u00e9dito, recibiendo ese stock de veh\u00edculos directamente desde tu DMS\/CRM de marca.[\/vc_column_text][vc_empty_space height=&#8221;45px&#8221;]<a href=\"https:\/\/www.onlinecarstore.es\" target=\"_blank\" style=\"color: #ffffff;background-color: #a2cd44;border: 1px solid #ffffff\" class=\"edgtf-btn edgtf-btn-medium edgtf-btn-solid edgtf-btn-custom-hover-bg edgtf-btn-custom-border-hover edgtf-btn-custom-hover-color\" data-hover-bg-color=\"#ffffff\" data-hover-color=\"#a2cd44\" data-hover-border-color=\"#a2cd44\" >\n    <span class=\"edgtf-btn-text\">Saber m\u00e1s<\/span>\n    <\/a>[\/vc_column][vc_column width=&#8221;1\/2&#8243; el_class=&#8221;solo_desktop&#8221;][vc_single_image image=&#8221;10032&#8243; img_size=&#8221;full&#8221; alignment=&#8221;center&#8221;][\/vc_column][\/vc_row][vc_row css=&#8221;.vc_custom_1638359275672{margin-top: 100px !important;margin-bottom: 55px !important;}&#8221;][vc_column width=&#8221;1\/2&#8243; el_class=&#8221;columna-texto&#8211;ancho-ingrid columna-texto&#8211;ancho-ingrid&#8211;izq pt-5&#8243;][vc_column_text]<\/p>\n<div class=\"text-left\">\n<div class=\"estilo-h5 mb-3\">CONTACT US<\/div>\n<div class=\"estilo-h3 mb-4\">Do not leave your project in the hands of just somebody, <span class=\"color-verde\"> email us<\/span><\/div>\n<\/div>\n<div class=\"forminator-ui forminator-custom-form forminator-custom-form-19441 forminator-design--default  forminator_ajax\" data-forminator-render=\"0\" data-form=\"forminator-module-19441\" data-uid=\"69f70a992234c\"><br\/><\/div><form\r\n\t\t\t\tid=\"forminator-module-19441\"\r\n\t\t\t\tclass=\"forminator-ui forminator-custom-form forminator-custom-form-19441 forminator-design--default  forminator_ajax\"\r\n\t\t\t\tmethod=\"post\"\r\n\t\t\t\tdata-forminator-render=\"0\"\r\n\t\t\t\tdata-form-id=\"19441\"\r\n\t\t\t\t\r\n\t\t\t\tdata-design=\"default\"\r\n\t\t\t\t\r\n\t\t\t\t\r\n\t\t\t\t\r\n\t\t\t\tdata-grid=\"open\"\r\n\t\t\t\t\r\n\t\t\t\t\r\n\t\t\t\tstyle=\"display: none;\"\r\n\t\t\t\t\r\n\t\t\t\tdata-uid=\"69f70a992234c\"\r\n\t\t\t><div role=\"alert\" aria-live=\"polite\" class=\"forminator-response-message forminator-error\" aria-hidden=\"true\"><\/div><div class=\"forminator-row\"><div id=\"text-1\" class=\"forminator-field-text forminator-col forminator-col-6  campo-nombre campo-form\"><div class=\"forminator-field\"><input type=\"text\" name=\"text-1\" value=\"\" placeholder=\"*Name\" id=\"forminator-field-text-1_69f70a992234c\" class=\"forminator-input forminator-name--field\" data-required=\"1\" \/><\/div><\/div><div id=\"phone-1\" class=\"forminator-field-phone forminator-col forminator-col-6  campo-telefono campo-form\"><div class=\"forminator-field\"><input type=\"text\" name=\"phone-1\" value=\"\" placeholder=\"*Phone\" id=\"forminator-field-phone-1_69f70a992234c\" class=\"forminator-input forminator-field--phone\" data-required=\"1\" aria-required=\"true\" autocomplete=\"off\" \/><\/div><\/div><\/div><div class=\"forminator-row\"><div id=\"email-1\" class=\"forminator-field-email forminator-col forminator-col-12  campo-correo campo-form\"><div class=\"forminator-field\"><input type=\"email\" name=\"email-1\" value=\"\" placeholder=\"*Email\" id=\"forminator-field-email-1_69f70a992234c\" class=\"forminator-input forminator-email--field\" data-required=\"true\" aria-required=\"true\" \/><\/div><\/div><\/div><div class=\"forminator-row\"><div id=\"textarea-1\" class=\"forminator-field-textarea forminator-col forminator-col-12  campo-texto campo-form\"><div class=\"forminator-field\"><textarea name=\"textarea-1\" placeholder=\"Tell us your idea\" id=\"forminator-field-textarea-1_69f70a992234c\" class=\"forminator-textarea\" rows=\"6\" style=\"min-height:140px;\" ><\/textarea><\/div><\/div><\/div><div class=\"forminator-row\"><div id=\"consent-1\" class=\"forminator-field-consent forminator-col forminator-col-12  check-contacto check-form\"><div class=\"forminator-field\"><div class=\"forminator-checkbox__wrapper\"><label for=\"forminator-field-consent-1_69f70a992234c\" id=\"forminator-field-consent-1_69f70a992234c__label\" class=\"forminator-checkbox forminator-consent\" style=\"margin: 0;\"><input type=\"checkbox\" name=\"consent-1\" id=\"forminator-field-consent-1_69f70a992234c\" value=\"checked\" aria-labelledby=\"forminator-field-consent-1_69f70a992234c-label\" aria-describedby=\"forminator-field-consent-1_69f70a992234c__description\" data-required=\"true\" aria-required=\"true\" \/><span class=\"forminator-checkbox-box\" aria-hidden=\"true\"><\/span><\/label><div id=\"forminator-field-consent-1_69f70a992234c__description\" class=\"forminator-checkbox__label forminator-consent__label\"><p style=\"font-size: 10px\">I read and understood the <a style=\"text-decoration: underline\" href=\"\/aviso-legal\" target=\"_blank\" rel=\"noopener\">privacy policy <\/a> policy and I agree to receive commercial emails.<\/p><\/div><\/div><\/div><\/div><\/div><div class=\"forminator-row\"><div id=\"captcha-1\" class=\"forminator-field-captcha forminator-col forminator-col-12 \"><div class=\"forminator-g-recaptcha recaptcha-invisible\" data-theme=\"light\" data-badge=\"bottomright\" data-sitekey=\"6LcKkRYpAAAAACE0kfYjiKCvxO0t-e4dhO9bYAld\" data-size=\"invisible\"><\/div> <\/div><\/div><input type=\"hidden\" name=\"referer_url\" value=\"\" \/><div class=\"forminator-row forminator-row-last\"><div class=\"forminator-col\"><div class=\"forminator-field\"><button class=\"forminator-button forminator-button-submit boton-newsletter boton-form\">SUBMIT<\/button><\/div><\/div><\/div><input type=\"hidden\" id=\"forminator_nonce\" name=\"forminator_nonce\" value=\"57bf988802\" \/><input type=\"hidden\" name=\"_wp_http_referer\" value=\"\/en\/wp-json\/wp\/v2\/pages\/19251\" \/><input type=\"hidden\" name=\"form_id\" value=\"19441\"><input type=\"hidden\" name=\"page_id\" value=\"19251\"><input type=\"hidden\" name=\"form_type\" value=\"default\"><input type=\"hidden\" name=\"current_url\" value=\"https:\/\/www.tilomotion.com\/en\/our-products\/\"><input type=\"hidden\" name=\"render_id\" value=\"0\"><input type=\"hidden\" name=\"action\" value=\"forminator_submit_form_custom-forms\"><label for=\"input_6\" class=\"forminator-hidden\" aria-hidden=\"true\">Please do not fill in this field. <input id=\"input_6\" type=\"text\" name=\"input_6\" value=\"\" autocomplete=\"off\"><\/label><\/form>[\/vc_column_text][\/vc_column][vc_column width=&#8221;1\/2&#8243; css=&#8221;.vc_custom_1642156612007{background-image: url(https:\/\/www.tilomotion.com\/wp-content\/uploads\/2021\/12\/contacto_raices_color.jpg?id=10211) !important;background-position: center !important;background-repeat: no-repeat !important;background-size: cover !important;}&#8221; el_class=&#8221;columna-imagen&#8211;ancho-completo solo_desktop columna-imagen-contacto&#8221;][\/vc_column][\/vc_row]<\/p>\n<\/div>","protected":false},"excerpt":{"rendered":"<p>[vc_row content_width=&#8221;grid&#8221; content_aligment=&#8221;center&#8221; el_class=&#8221;separacion-bottom separacion-top&#8221;][vc_column width=&#8221;1\/4&#8243;][\/vc_column][vc_column width=&#8221;1\/2&#8243;][vc_column_text] More than 15 years promoting the automotive industry with our solutions Big data, business intelligence, digital processes&#8230; The future of the automotive industry is exciting, and at TILO&#8230;<\/p>\n","protected":false},"author":2,"featured_media":0,"parent":0,"menu_order":0,"comment_status":"closed","ping_status":"closed","template":"full-width.php","meta":{"footnotes":""},"class_list":["post-19251","page","type-page","status-publish","hentry"],"_links":{"self":[{"href":"https:\/\/www.tilomotion.com\/en\/wp-json\/wp\/v2\/pages\/19251","targetHints":{"allow":["GET"]}}],"collection":[{"href":"https:\/\/www.tilomotion.com\/en\/wp-json\/wp\/v2\/pages"}],"about":[{"href":"https:\/\/www.tilomotion.com\/en\/wp-json\/wp\/v2\/types\/page"}],"author":[{"embeddable":true,"href":"https:\/\/www.tilomotion.com\/en\/wp-json\/wp\/v2\/users\/2"}],"replies":[{"embeddable":true,"href":"https:\/\/www.tilomotion.com\/en\/wp-json\/wp\/v2\/comments?post=19251"}],"version-history":[{"count":0,"href":"https:\/\/www.tilomotion.com\/en\/wp-json\/wp\/v2\/pages\/19251\/revisions"}],"wp:attachment":[{"href":"https:\/\/www.tilomotion.com\/en\/wp-json\/wp\/v2\/media?parent=19251"}],"curies":[{"name":"wp","href":"https:\/\/api.w.org\/{rel}","templated":true}]}}